{"id":7286,"date":"2021-04-27T17:41:33","date_gmt":"2021-04-27T15:41:33","guid":{"rendered":"https:\/\/institut-belle-amazone.fr\/?post_type=product&#038;p=7286"},"modified":"2022-08-11T18:29:14","modified_gmt":"2022-08-11T16:29:14","slug":"creme-sublime-anti-age-global-texture-legere-la-recharge","status":"publish","type":"product","link":"https:\/\/institut-belle-amazone.fr\/index.php\/product\/creme-sublime-anti-age-global-texture-legere-la-recharge\/","title":{"rendered":"CREME sublime anti \u00e2ge global -TEXTURE LEGERE &#8211; LA RECHARGE"},"content":{"rendered":"","protected":false},"excerpt":{"rendered":"<p><i>&#8211; convient aux peaux matures &#8211; LA RECHARGE ECORESPONSABLE A GLISSER DANS VOTRE POT RECHARGEABLE -50ml<\/i><\/p>\n<div class=\"active\" data-id=\"conseils\">\n<div class=\"desc\">\n<div class=\"desc\">\n<div>\n<p>La cr\u00e8me SUBLIME est <strong>un soin visage bio Premium \u00e0 l&rsquo;action anti-\u00e2ge globale<\/strong> <strong>jour et nuit , il est conseill\u00e9 d&rsquo;associer le\u00a0<\/strong><b>s\u00e9rum sublime anti\u00a0\u00e2ge global visage&amp;yeux.\u00a0<\/b><\/p>\n<\/div>\n<\/div>\n<\/div>\n<\/div>\n","protected":false},"featured_media":7282,"comment_status":"open","ping_status":"closed","template":"","meta":[],"product_cat":[103,15],"product_tag":[],"class_list":{"0":"post-7286","1":"product","2":"type-product","3":"status-publish","4":"has-post-thumbnail","6":"product_cat-sublimessence","7":"product_cat-uncategorized","9":"first","10":"instock","11":"shipping-taxable","12":"purchasable","13":"product-type-simple"},"yoast_head":"<!-- This site is optimized with the Yoast SEO plugin v27.3 - https:\/\/yoast.com\/product\/yoast-seo-wordpress\/ -->\n<title>CREME sublime anti \u00e2ge global -TEXTURE LEGERE - LA RECHARGE - Institut Belle Amazone<\/title>\n<meta name=\"robots\" content=\"index, follow, max-snippet:-1, max-image-preview:large, max-video-preview:-1\" \/>\n<link rel=\"canonical\" href=\"https:\/\/institut-belle-amazone.fr\/index.php\/product\/creme-sublime-anti-age-global-texture-legere-la-recharge\/\" \/>\n<meta property=\"og:locale\" content=\"fr_FR\" \/>\n<meta property=\"og:type\" content=\"article\" \/>\n<meta property=\"og:title\" content=\"CREME sublime anti \u00e2ge global -TEXTURE LEGERE - LA RECHARGE - Institut Belle Amazone\" \/>\n<meta property=\"og:description\" content=\"- convient aux peaux matures - LA RECHARGE ECORESPONSABLE A GLISSER DANS VOTRE POT RECHARGEABLE -50ml      La cr\u00e8me SUBLIME est un soin visage bio Premium \u00e0 l&#039;action anti-\u00e2ge globale jour et nuit , il est conseill\u00e9 d&#039;associer le\u00a0s\u00e9rum sublime anti\u00a0\u00e2ge global visage&amp;yeux.\u00a0\" \/>\n<meta property=\"og:url\" content=\"https:\/\/institut-belle-amazone.fr\/index.php\/product\/creme-sublime-anti-age-global-texture-legere-la-recharge\/\" \/>\n<meta property=\"og:site_name\" content=\"Institut Belle Amazone\" \/>\n<meta property=\"article:modified_time\" content=\"2022-08-11T16:29:14+00:00\" \/>\n<meta property=\"og:image\" content=\"https:\/\/institut-belle-amazone.fr\/wp-content\/uploads\/2020\/12\/recharge-creme-sublime.jpeg\" \/>\n\t<meta property=\"og:image:width\" content=\"300\" \/>\n\t<meta property=\"og:image:height\" content=\"300\" \/>\n\t<meta property=\"og:image:type\" content=\"image\/jpeg\" \/>\n<meta name=\"twitter:card\" content=\"summary_large_image\" \/>\n<script type=\"application\/ld+json\" class=\"yoast-schema-graph\">{\"@context\":\"https:\\\/\\\/schema.org\",\"@graph\":[{\"@type\":\"WebPage\",\"@id\":\"https:\\\/\\\/institut-belle-amazone.fr\\\/index.php\\\/product\\\/creme-sublime-anti-age-global-texture-legere-la-recharge\\\/\",\"url\":\"https:\\\/\\\/institut-belle-amazone.fr\\\/index.php\\\/product\\\/creme-sublime-anti-age-global-texture-legere-la-recharge\\\/\",\"name\":\"CREME sublime anti \u00e2ge global -TEXTURE LEGERE - LA RECHARGE - Institut Belle Amazone\",\"isPartOf\":{\"@id\":\"https:\\\/\\\/institut-belle-amazone.fr\\\/#website\"},\"primaryImageOfPage\":{\"@id\":\"https:\\\/\\\/institut-belle-amazone.fr\\\/index.php\\\/product\\\/creme-sublime-anti-age-global-texture-legere-la-recharge\\\/#primaryimage\"},\"image\":{\"@id\":\"https:\\\/\\\/institut-belle-amazone.fr\\\/index.php\\\/product\\\/creme-sublime-anti-age-global-texture-legere-la-recharge\\\/#primaryimage\"},\"thumbnailUrl\":\"https:\\\/\\\/institut-belle-amazone.fr\\\/wp-content\\\/uploads\\\/2020\\\/12\\\/recharge-creme-sublime.jpeg\",\"datePublished\":\"2021-04-27T15:41:33+00:00\",\"dateModified\":\"2022-08-11T16:29:14+00:00\",\"breadcrumb\":{\"@id\":\"https:\\\/\\\/institut-belle-amazone.fr\\\/index.php\\\/product\\\/creme-sublime-anti-age-global-texture-legere-la-recharge\\\/#breadcrumb\"},\"inLanguage\":\"fr-FR\",\"potentialAction\":[{\"@type\":\"ReadAction\",\"target\":[\"https:\\\/\\\/institut-belle-amazone.fr\\\/index.php\\\/product\\\/creme-sublime-anti-age-global-texture-legere-la-recharge\\\/\"]}]},{\"@type\":\"ImageObject\",\"inLanguage\":\"fr-FR\",\"@id\":\"https:\\\/\\\/institut-belle-amazone.fr\\\/index.php\\\/product\\\/creme-sublime-anti-age-global-texture-legere-la-recharge\\\/#primaryimage\",\"url\":\"https:\\\/\\\/institut-belle-amazone.fr\\\/wp-content\\\/uploads\\\/2020\\\/12\\\/recharge-creme-sublime.jpeg\",\"contentUrl\":\"https:\\\/\\\/institut-belle-amazone.fr\\\/wp-content\\\/uploads\\\/2020\\\/12\\\/recharge-creme-sublime.jpeg\",\"width\":300,\"height\":300},{\"@type\":\"BreadcrumbList\",\"@id\":\"https:\\\/\\\/institut-belle-amazone.fr\\\/index.php\\\/product\\\/creme-sublime-anti-age-global-texture-legere-la-recharge\\\/#breadcrumb\",\"itemListElement\":[{\"@type\":\"ListItem\",\"position\":1,\"name\":\"Accueil\",\"item\":\"https:\\\/\\\/institut-belle-amazone.fr\\\/\"},{\"@type\":\"ListItem\",\"position\":2,\"name\":\"Shop\",\"item\":\"https:\\\/\\\/institut-belle-amazone.fr\\\/index.php\\\/shop\\\/\"},{\"@type\":\"ListItem\",\"position\":3,\"name\":\"CREME sublime anti \u00e2ge global -TEXTURE LEGERE &#8211; LA RECHARGE\"}]},{\"@type\":\"WebSite\",\"@id\":\"https:\\\/\\\/institut-belle-amazone.fr\\\/#website\",\"url\":\"https:\\\/\\\/institut-belle-amazone.fr\\\/\",\"name\":\"Institut Belle Amazone\",\"description\":\"Institut de beaut\u00e9 \u00e0 Lanton\",\"potentialAction\":[{\"@type\":\"SearchAction\",\"target\":{\"@type\":\"EntryPoint\",\"urlTemplate\":\"https:\\\/\\\/institut-belle-amazone.fr\\\/?s={search_term_string}\"},\"query-input\":{\"@type\":\"PropertyValueSpecification\",\"valueRequired\":true,\"valueName\":\"search_term_string\"}}],\"inLanguage\":\"fr-FR\"}]}<\/script>\n<!-- \/ Yoast SEO plugin. -->","yoast_head_json":{"title":"CREME sublime anti \u00e2ge global -TEXTURE LEGERE - LA RECHARGE - Institut Belle Amazone","robots":{"index":"index","follow":"follow","max-snippet":"max-snippet:-1","max-image-preview":"max-image-preview:large","max-video-preview":"max-video-preview:-1"},"canonical":"https:\/\/institut-belle-amazone.fr\/index.php\/product\/creme-sublime-anti-age-global-texture-legere-la-recharge\/","og_locale":"fr_FR","og_type":"article","og_title":"CREME sublime anti \u00e2ge global -TEXTURE LEGERE - LA RECHARGE - Institut Belle Amazone","og_description":"- convient aux peaux matures - LA RECHARGE ECORESPONSABLE A GLISSER DANS VOTRE POT RECHARGEABLE -50ml      La cr\u00e8me SUBLIME est un soin visage bio Premium \u00e0 l'action anti-\u00e2ge globale jour et nuit , il est conseill\u00e9 d'associer le\u00a0s\u00e9rum sublime anti\u00a0\u00e2ge global visage&amp;yeux.\u00a0","og_url":"https:\/\/institut-belle-amazone.fr\/index.php\/product\/creme-sublime-anti-age-global-texture-legere-la-recharge\/","og_site_name":"Institut Belle Amazone","article_modified_time":"2022-08-11T16:29:14+00:00","og_image":[{"width":300,"height":300,"url":"https:\/\/institut-belle-amazone.fr\/wp-content\/uploads\/2020\/12\/recharge-creme-sublime.jpeg","type":"image\/jpeg"}],"twitter_card":"summary_large_image","schema":{"@context":"https:\/\/schema.org","@graph":[{"@type":"WebPage","@id":"https:\/\/institut-belle-amazone.fr\/index.php\/product\/creme-sublime-anti-age-global-texture-legere-la-recharge\/","url":"https:\/\/institut-belle-amazone.fr\/index.php\/product\/creme-sublime-anti-age-global-texture-legere-la-recharge\/","name":"CREME sublime anti \u00e2ge global -TEXTURE LEGERE - LA RECHARGE - Institut Belle Amazone","isPartOf":{"@id":"https:\/\/institut-belle-amazone.fr\/#website"},"primaryImageOfPage":{"@id":"https:\/\/institut-belle-amazone.fr\/index.php\/product\/creme-sublime-anti-age-global-texture-legere-la-recharge\/#primaryimage"},"image":{"@id":"https:\/\/institut-belle-amazone.fr\/index.php\/product\/creme-sublime-anti-age-global-texture-legere-la-recharge\/#primaryimage"},"thumbnailUrl":"https:\/\/institut-belle-amazone.fr\/wp-content\/uploads\/2020\/12\/recharge-creme-sublime.jpeg","datePublished":"2021-04-27T15:41:33+00:00","dateModified":"2022-08-11T16:29:14+00:00","breadcrumb":{"@id":"https:\/\/institut-belle-amazone.fr\/index.php\/product\/creme-sublime-anti-age-global-texture-legere-la-recharge\/#breadcrumb"},"inLanguage":"fr-FR","potentialAction":[{"@type":"ReadAction","target":["https:\/\/institut-belle-amazone.fr\/index.php\/product\/creme-sublime-anti-age-global-texture-legere-la-recharge\/"]}]},{"@type":"ImageObject","inLanguage":"fr-FR","@id":"https:\/\/institut-belle-amazone.fr\/index.php\/product\/creme-sublime-anti-age-global-texture-legere-la-recharge\/#primaryimage","url":"https:\/\/institut-belle-amazone.fr\/wp-content\/uploads\/2020\/12\/recharge-creme-sublime.jpeg","contentUrl":"https:\/\/institut-belle-amazone.fr\/wp-content\/uploads\/2020\/12\/recharge-creme-sublime.jpeg","width":300,"height":300},{"@type":"BreadcrumbList","@id":"https:\/\/institut-belle-amazone.fr\/index.php\/product\/creme-sublime-anti-age-global-texture-legere-la-recharge\/#breadcrumb","itemListElement":[{"@type":"ListItem","position":1,"name":"Accueil","item":"https:\/\/institut-belle-amazone.fr\/"},{"@type":"ListItem","position":2,"name":"Shop","item":"https:\/\/institut-belle-amazone.fr\/index.php\/shop\/"},{"@type":"ListItem","position":3,"name":"CREME sublime anti \u00e2ge global -TEXTURE LEGERE &#8211; LA RECHARGE"}]},{"@type":"WebSite","@id":"https:\/\/institut-belle-amazone.fr\/#website","url":"https:\/\/institut-belle-amazone.fr\/","name":"Institut Belle Amazone","description":"Institut de beaut\u00e9 \u00e0 Lanton","potentialAction":[{"@type":"SearchAction","target":{"@type":"EntryPoint","urlTemplate":"https:\/\/institut-belle-amazone.fr\/?s={search_term_string}"},"query-input":{"@type":"PropertyValueSpecification","valueRequired":true,"valueName":"search_term_string"}}],"inLanguage":"fr-FR"}]}},"_links":{"self":[{"href":"https:\/\/institut-belle-amazone.fr\/index.php\/wp-json\/wp\/v2\/product\/7286","targetHints":{"allow":["GET"]}}],"collection":[{"href":"https:\/\/institut-belle-amazone.fr\/index.php\/wp-json\/wp\/v2\/product"}],"about":[{"href":"https:\/\/institut-belle-amazone.fr\/index.php\/wp-json\/wp\/v2\/types\/product"}],"replies":[{"embeddable":true,"href":"https:\/\/institut-belle-amazone.fr\/index.php\/wp-json\/wp\/v2\/comments?post=7286"}],"wp:featuredmedia":[{"embeddable":true,"href":"https:\/\/institut-belle-amazone.fr\/index.php\/wp-json\/wp\/v2\/media\/7282"}],"wp:attachment":[{"href":"https:\/\/institut-belle-amazone.fr\/index.php\/wp-json\/wp\/v2\/media?parent=7286"}],"wp:term":[{"taxonomy":"product_cat","embeddable":true,"href":"https:\/\/institut-belle-amazone.fr\/index.php\/wp-json\/wp\/v2\/product_cat?post=7286"},{"taxonomy":"product_tag","embeddable":true,"href":"https:\/\/institut-belle-amazone.fr\/index.php\/wp-json\/wp\/v2\/product_tag?post=7286"}],"curies":[{"name":"wp","href":"https:\/\/api.w.org\/{rel}","templated":true}]}}