{"id":6876,"date":"2020-12-01T12:39:31","date_gmt":"2020-12-01T11:39:31","guid":{"rendered":"https:\/\/institut-belle-amazone.fr\/?post_type=product&#038;p=6876"},"modified":"2022-08-11T18:32:02","modified_gmt":"2022-08-11T16:32:02","slug":"lotion-tendre","status":"publish","type":"product","link":"https:\/\/institut-belle-amazone.fr\/index.php\/product\/lotion-tendre\/","title":{"rendered":"Lotion tendre"},"content":{"rendered":"<p style=\"text-align: center\"><img decoding=\"async\" class=\"alignnone size-full wp-image-4975\" src=\"http:\/\/institut-belle-amazone.fr\/wp-content\/uploads\/2020\/11\/label_eco_cert_0.png\" alt=\"\" width=\"72\" height=\"50\" \/> <img decoding=\"async\" class=\"alignnone size-full wp-image-4974\" src=\"http:\/\/institut-belle-amazone.fr\/wp-content\/uploads\/2020\/11\/label_bio.png\" alt=\"\" width=\"73\" height=\"52\" \/><\/p>\n","protected":false},"excerpt":{"rendered":"<p><em>&#8211; convient \u00e0 tout type de peau &#8211; 200ml<\/em><\/p>\n<div class=\"active\" data-id=\"conseils\">\n<div class=\"desc\">\n<p>La LOTION TENDRE est un <strong>nettoyant visage bio<\/strong> qui agit comme un soin hydratant visage.<\/p>\n<p>Elle convient \u00e0 tous les types de peaux et plus particuli\u00e8rement <strong>les peaux ayant besoin d&rsquo;\u00e9clat et\/ou de purification.<\/strong><\/p>\n<ul>\n<li><b>\u00c9CLAT DU TEINT<\/b>\u00a0&#8211;\u00a0<span style=\"font-size: 1rem\">Eau de citron Bio<\/span><\/li>\n<li><b>RESSERRE LES PORES <\/b>&#8211; Eau florale de rose Bio<\/li>\n<\/ul>\n<\/div>\n<\/div>\n<div class=\"active\" data-id=\"conseils\">\n<p>98% du total des ingr\u00e9dients sont d\u2019origine naturelle<\/p>\n<p>20% du total des ingr\u00e9dients sont issus de l\u2019agriculture biologique<\/p>\n<p><strong><em>PRODUIT LABELLIS\u00c9 BIO ET ECOCERT<\/em><\/strong><\/p>\n<\/div>\n","protected":false},"featured_media":6877,"comment_status":"open","ping_status":"closed","template":"","meta":[],"product_cat":[97,62],"product_tag":[],"class_list":{"0":"post-6876","1":"product","2":"type-product","3":"status-publish","4":"has-post-thumbnail","6":"product_cat-fraicheur-et-soin","7":"product_cat-soins-du-visage-elle","9":"first","10":"instock","11":"shipping-taxable","12":"purchasable","13":"product-type-simple"},"yoast_head":"<!-- This site is optimized with the Yoast SEO plugin v27.4 - https:\/\/yoast.com\/product\/yoast-seo-wordpress\/ -->\n<title>Lotion tendre - Institut Belle Amazone<\/title>\n<meta name=\"robots\" content=\"index, follow, max-snippet:-1, max-image-preview:large, max-video-preview:-1\" \/>\n<link rel=\"canonical\" href=\"https:\/\/institut-belle-amazone.fr\/index.php\/product\/lotion-tendre\/\" \/>\n<meta property=\"og:locale\" content=\"fr_FR\" \/>\n<meta property=\"og:type\" content=\"article\" \/>\n<meta property=\"og:title\" content=\"Lotion tendre - Institut Belle Amazone\" \/>\n<meta property=\"og:description\" content=\"- convient \u00e0 tout type de peau - 200ml    La LOTION TENDRE est un nettoyant visage bio qui agit comme un soin hydratant visage.  Elle convient \u00e0 tous les types de peaux et plus particuli\u00e8rement les peaux ayant besoin d&#039;\u00e9clat et\/ou de purification.   \u00c9CLAT DU TEINT\u00a0-\u00a0Eau de citron Bio  RESSERRE LES PORES - Eau florale de rose Bio      98% du total des ingr\u00e9dients sont d\u2019origine naturelle  20% du total des ingr\u00e9dients sont issus de l\u2019agriculture biologique  PRODUIT LABELLIS\u00c9 BIO ET ECOCERT\" \/>\n<meta property=\"og:url\" content=\"https:\/\/institut-belle-amazone.fr\/index.php\/product\/lotion-tendre\/\" \/>\n<meta property=\"og:site_name\" content=\"Institut Belle Amazone\" \/>\n<meta property=\"article:modified_time\" content=\"2022-08-11T16:32:02+00:00\" \/>\n<meta property=\"og:image\" content=\"https:\/\/institut-belle-amazone.fr\/wp-content\/uploads\/2020\/12\/Lotion-tendre.jpg\" \/>\n\t<meta property=\"og:image:width\" content=\"360\" \/>\n\t<meta property=\"og:image:height\" content=\"360\" \/>\n\t<meta property=\"og:image:type\" content=\"image\/jpeg\" \/>\n<meta name=\"twitter:card\" content=\"summary_large_image\" \/>\n<script type=\"application\/ld+json\" class=\"yoast-schema-graph\">{\"@context\":\"https:\\\/\\\/schema.org\",\"@graph\":[{\"@type\":\"WebPage\",\"@id\":\"https:\\\/\\\/institut-belle-amazone.fr\\\/index.php\\\/product\\\/lotion-tendre\\\/\",\"url\":\"https:\\\/\\\/institut-belle-amazone.fr\\\/index.php\\\/product\\\/lotion-tendre\\\/\",\"name\":\"Lotion tendre - Institut Belle Amazone\",\"isPartOf\":{\"@id\":\"https:\\\/\\\/institut-belle-amazone.fr\\\/#website\"},\"primaryImageOfPage\":{\"@id\":\"https:\\\/\\\/institut-belle-amazone.fr\\\/index.php\\\/product\\\/lotion-tendre\\\/#primaryimage\"},\"image\":{\"@id\":\"https:\\\/\\\/institut-belle-amazone.fr\\\/index.php\\\/product\\\/lotion-tendre\\\/#primaryimage\"},\"thumbnailUrl\":\"https:\\\/\\\/institut-belle-amazone.fr\\\/wp-content\\\/uploads\\\/2020\\\/12\\\/Lotion-tendre.jpg\",\"datePublished\":\"2020-12-01T11:39:31+00:00\",\"dateModified\":\"2022-08-11T16:32:02+00:00\",\"breadcrumb\":{\"@id\":\"https:\\\/\\\/institut-belle-amazone.fr\\\/index.php\\\/product\\\/lotion-tendre\\\/#breadcrumb\"},\"inLanguage\":\"fr-FR\",\"potentialAction\":[{\"@type\":\"ReadAction\",\"target\":[\"https:\\\/\\\/institut-belle-amazone.fr\\\/index.php\\\/product\\\/lotion-tendre\\\/\"]}]},{\"@type\":\"ImageObject\",\"inLanguage\":\"fr-FR\",\"@id\":\"https:\\\/\\\/institut-belle-amazone.fr\\\/index.php\\\/product\\\/lotion-tendre\\\/#primaryimage\",\"url\":\"https:\\\/\\\/institut-belle-amazone.fr\\\/wp-content\\\/uploads\\\/2020\\\/12\\\/Lotion-tendre.jpg\",\"contentUrl\":\"https:\\\/\\\/institut-belle-amazone.fr\\\/wp-content\\\/uploads\\\/2020\\\/12\\\/Lotion-tendre.jpg\",\"width\":360,\"height\":360},{\"@type\":\"BreadcrumbList\",\"@id\":\"https:\\\/\\\/institut-belle-amazone.fr\\\/index.php\\\/product\\\/lotion-tendre\\\/#breadcrumb\",\"itemListElement\":[{\"@type\":\"ListItem\",\"position\":1,\"name\":\"Accueil\",\"item\":\"https:\\\/\\\/institut-belle-amazone.fr\\\/\"},{\"@type\":\"ListItem\",\"position\":2,\"name\":\"Shop\",\"item\":\"https:\\\/\\\/institut-belle-amazone.fr\\\/index.php\\\/shop\\\/\"},{\"@type\":\"ListItem\",\"position\":3,\"name\":\"Lotion tendre\"}]},{\"@type\":\"WebSite\",\"@id\":\"https:\\\/\\\/institut-belle-amazone.fr\\\/#website\",\"url\":\"https:\\\/\\\/institut-belle-amazone.fr\\\/\",\"name\":\"Institut Belle Amazone\",\"description\":\"Institut de beaut\u00e9 \u00e0 Lanton\",\"potentialAction\":[{\"@type\":\"SearchAction\",\"target\":{\"@type\":\"EntryPoint\",\"urlTemplate\":\"https:\\\/\\\/institut-belle-amazone.fr\\\/?s={search_term_string}\"},\"query-input\":{\"@type\":\"PropertyValueSpecification\",\"valueRequired\":true,\"valueName\":\"search_term_string\"}}],\"inLanguage\":\"fr-FR\"}]}<\/script>\n<!-- \/ Yoast SEO plugin. -->","yoast_head_json":{"title":"Lotion tendre - Institut Belle Amazone","robots":{"index":"index","follow":"follow","max-snippet":"max-snippet:-1","max-image-preview":"max-image-preview:large","max-video-preview":"max-video-preview:-1"},"canonical":"https:\/\/institut-belle-amazone.fr\/index.php\/product\/lotion-tendre\/","og_locale":"fr_FR","og_type":"article","og_title":"Lotion tendre - Institut Belle Amazone","og_description":"- convient \u00e0 tout type de peau - 200ml    La LOTION TENDRE est un nettoyant visage bio qui agit comme un soin hydratant visage.  Elle convient \u00e0 tous les types de peaux et plus particuli\u00e8rement les peaux ayant besoin d'\u00e9clat et\/ou de purification.   \u00c9CLAT DU TEINT\u00a0-\u00a0Eau de citron Bio  RESSERRE LES PORES - Eau florale de rose Bio      98% du total des ingr\u00e9dients sont d\u2019origine naturelle  20% du total des ingr\u00e9dients sont issus de l\u2019agriculture biologique  PRODUIT LABELLIS\u00c9 BIO ET ECOCERT","og_url":"https:\/\/institut-belle-amazone.fr\/index.php\/product\/lotion-tendre\/","og_site_name":"Institut Belle Amazone","article_modified_time":"2022-08-11T16:32:02+00:00","og_image":[{"width":360,"height":360,"url":"https:\/\/institut-belle-amazone.fr\/wp-content\/uploads\/2020\/12\/Lotion-tendre.jpg","type":"image\/jpeg"}],"twitter_card":"summary_large_image","schema":{"@context":"https:\/\/schema.org","@graph":[{"@type":"WebPage","@id":"https:\/\/institut-belle-amazone.fr\/index.php\/product\/lotion-tendre\/","url":"https:\/\/institut-belle-amazone.fr\/index.php\/product\/lotion-tendre\/","name":"Lotion tendre - Institut Belle Amazone","isPartOf":{"@id":"https:\/\/institut-belle-amazone.fr\/#website"},"primaryImageOfPage":{"@id":"https:\/\/institut-belle-amazone.fr\/index.php\/product\/lotion-tendre\/#primaryimage"},"image":{"@id":"https:\/\/institut-belle-amazone.fr\/index.php\/product\/lotion-tendre\/#primaryimage"},"thumbnailUrl":"https:\/\/institut-belle-amazone.fr\/wp-content\/uploads\/2020\/12\/Lotion-tendre.jpg","datePublished":"2020-12-01T11:39:31+00:00","dateModified":"2022-08-11T16:32:02+00:00","breadcrumb":{"@id":"https:\/\/institut-belle-amazone.fr\/index.php\/product\/lotion-tendre\/#breadcrumb"},"inLanguage":"fr-FR","potentialAction":[{"@type":"ReadAction","target":["https:\/\/institut-belle-amazone.fr\/index.php\/product\/lotion-tendre\/"]}]},{"@type":"ImageObject","inLanguage":"fr-FR","@id":"https:\/\/institut-belle-amazone.fr\/index.php\/product\/lotion-tendre\/#primaryimage","url":"https:\/\/institut-belle-amazone.fr\/wp-content\/uploads\/2020\/12\/Lotion-tendre.jpg","contentUrl":"https:\/\/institut-belle-amazone.fr\/wp-content\/uploads\/2020\/12\/Lotion-tendre.jpg","width":360,"height":360},{"@type":"BreadcrumbList","@id":"https:\/\/institut-belle-amazone.fr\/index.php\/product\/lotion-tendre\/#breadcrumb","itemListElement":[{"@type":"ListItem","position":1,"name":"Accueil","item":"https:\/\/institut-belle-amazone.fr\/"},{"@type":"ListItem","position":2,"name":"Shop","item":"https:\/\/institut-belle-amazone.fr\/index.php\/shop\/"},{"@type":"ListItem","position":3,"name":"Lotion tendre"}]},{"@type":"WebSite","@id":"https:\/\/institut-belle-amazone.fr\/#website","url":"https:\/\/institut-belle-amazone.fr\/","name":"Institut Belle Amazone","description":"Institut de beaut\u00e9 \u00e0 Lanton","potentialAction":[{"@type":"SearchAction","target":{"@type":"EntryPoint","urlTemplate":"https:\/\/institut-belle-amazone.fr\/?s={search_term_string}"},"query-input":{"@type":"PropertyValueSpecification","valueRequired":true,"valueName":"search_term_string"}}],"inLanguage":"fr-FR"}]}},"_links":{"self":[{"href":"https:\/\/institut-belle-amazone.fr\/index.php\/wp-json\/wp\/v2\/product\/6876","targetHints":{"allow":["GET"]}}],"collection":[{"href":"https:\/\/institut-belle-amazone.fr\/index.php\/wp-json\/wp\/v2\/product"}],"about":[{"href":"https:\/\/institut-belle-amazone.fr\/index.php\/wp-json\/wp\/v2\/types\/product"}],"replies":[{"embeddable":true,"href":"https:\/\/institut-belle-amazone.fr\/index.php\/wp-json\/wp\/v2\/comments?post=6876"}],"wp:featuredmedia":[{"embeddable":true,"href":"https:\/\/institut-belle-amazone.fr\/index.php\/wp-json\/wp\/v2\/media\/6877"}],"wp:attachment":[{"href":"https:\/\/institut-belle-amazone.fr\/index.php\/wp-json\/wp\/v2\/media?parent=6876"}],"wp:term":[{"taxonomy":"product_cat","embeddable":true,"href":"https:\/\/institut-belle-amazone.fr\/index.php\/wp-json\/wp\/v2\/product_cat?post=6876"},{"taxonomy":"product_tag","embeddable":true,"href":"https:\/\/institut-belle-amazone.fr\/index.php\/wp-json\/wp\/v2\/product_tag?post=6876"}],"curies":[{"name":"wp","href":"https:\/\/api.w.org\/{rel}","templated":true}]}}