{"id":6327,"date":"2020-11-25T15:22:48","date_gmt":"2020-11-25T14:22:48","guid":{"rendered":"http:\/\/institut-belle-amazone.fr\/?post_type=product&#038;p=6327"},"modified":"2026-04-05T17:45:35","modified_gmt":"2026-04-05T15:45:35","slug":"carte-cadeau","status":"publish","type":"product","link":"https:\/\/institut-belle-amazone.fr\/index.php\/product\/carte-cadeau\/","title":{"rendered":"Carte Cadeau &#8211; soins visage"},"content":{"rendered":"","protected":false},"excerpt":{"rendered":"<p><strong>Une carte cadeau pour vous\u00a0oui \u00e0\u00a0offrir, \u00e0 venir r\u00e9cup\u00e9rer \u00e0 l&rsquo;institut ou \u00e0 recevoir directement chez vous ! Appelez votre Socio-esth\u00e9ticienne au 06 68 75 80 66 pour\u00a0voir\u00a0les d\u00e9tails.<\/strong><\/p>\n<p>au menu, plusieurs choix de soins visage \u00e0 r\u00e9gler en ligne.<\/p>\n<p>La carte cadeau est valable <span style=\"text-decoration: underline;\"><strong>6 mois<\/strong><\/span>.<\/p>\n<p><span style=\"color: #800000;\"><strong>Pour d\u00e9couvrir les massages, <a href=\"https:\/\/institut-belle-amazone.fr\/index.php\/product\/carte-cadeau-massages\/\">cliquez ici<\/a>.<\/strong><\/span><\/p>\n","protected":false},"featured_media":6328,"comment_status":"open","ping_status":"closed","template":"","meta":[],"product_cat":[109,66],"product_tag":[],"class_list":{"0":"post-6327","1":"product","2":"type-product","3":"status-publish","4":"has-post-thumbnail","6":"product_cat-bon-cadeau","7":"product_cat-carte-cadeau-accessoires","8":"product_shipping_class-bon-cadeau","10":"first","11":"instock","12":"shipping-taxable","13":"purchasable","14":"product-type-variable"},"yoast_head":"<!-- This site is optimized with the Yoast SEO plugin v27.3 - https:\/\/yoast.com\/product\/yoast-seo-wordpress\/ -->\n<title>Carte Cadeau - soins visage - Institut Belle Amazone<\/title>\n<meta name=\"robots\" content=\"index, follow, max-snippet:-1, max-image-preview:large, max-video-preview:-1\" \/>\n<link rel=\"canonical\" href=\"https:\/\/institut-belle-amazone.fr\/index.php\/product\/carte-cadeau\/\" \/>\n<meta property=\"og:locale\" content=\"fr_FR\" \/>\n<meta property=\"og:type\" content=\"article\" \/>\n<meta property=\"og:title\" content=\"Carte Cadeau - soins visage - Institut Belle Amazone\" \/>\n<meta property=\"og:description\" content=\"Une carte cadeau pour vous\u00a0oui \u00e0\u00a0offrir, \u00e0 venir r\u00e9cup\u00e9rer \u00e0 l&#039;institut ou \u00e0 recevoir directement chez vous ! Appelez votre Socio-esth\u00e9ticienne au 06 68 75 80 66 pour\u00a0voir\u00a0les d\u00e9tails.  au menu, plusieurs choix de soins visage \u00e0 r\u00e9gler en ligne.  La carte cadeau est valable 6 mois.  Pour d\u00e9couvrir les massages, cliquez ici.\" \/>\n<meta property=\"og:url\" content=\"https:\/\/institut-belle-amazone.fr\/index.php\/product\/carte-cadeau\/\" \/>\n<meta property=\"og:site_name\" content=\"Institut Belle Amazone\" \/>\n<meta property=\"article:modified_time\" content=\"2026-04-05T15:45:35+00:00\" \/>\n<meta property=\"og:image\" content=\"https:\/\/institut-belle-amazone.fr\/wp-content\/uploads\/2020\/11\/epilation-audenge-institut-soin-bio-naturel-IMG_2261-scaled.jpg\" \/>\n\t<meta property=\"og:image:width\" content=\"2560\" \/>\n\t<meta property=\"og:image:height\" content=\"1920\" \/>\n\t<meta property=\"og:image:type\" content=\"image\/jpeg\" \/>\n<meta name=\"twitter:card\" content=\"summary_large_image\" \/>\n<meta name=\"twitter:label1\" content=\"Dur\u00e9e de lecture estim\u00e9e\" \/>\n\t<meta name=\"twitter:data1\" content=\"1 minute\" \/>\n<script type=\"application\/ld+json\" class=\"yoast-schema-graph\">{\"@context\":\"https:\\\/\\\/schema.org\",\"@graph\":[{\"@type\":\"WebPage\",\"@id\":\"https:\\\/\\\/institut-belle-amazone.fr\\\/index.php\\\/product\\\/carte-cadeau\\\/\",\"url\":\"https:\\\/\\\/institut-belle-amazone.fr\\\/index.php\\\/product\\\/carte-cadeau\\\/\",\"name\":\"Carte Cadeau - soins visage - Institut Belle Amazone\",\"isPartOf\":{\"@id\":\"https:\\\/\\\/institut-belle-amazone.fr\\\/#website\"},\"primaryImageOfPage\":{\"@id\":\"https:\\\/\\\/institut-belle-amazone.fr\\\/index.php\\\/product\\\/carte-cadeau\\\/#primaryimage\"},\"image\":{\"@id\":\"https:\\\/\\\/institut-belle-amazone.fr\\\/index.php\\\/product\\\/carte-cadeau\\\/#primaryimage\"},\"thumbnailUrl\":\"https:\\\/\\\/institut-belle-amazone.fr\\\/wp-content\\\/uploads\\\/2020\\\/11\\\/epilation-audenge-institut-soin-bio-naturel-IMG_2261-scaled.jpg\",\"datePublished\":\"2020-11-25T14:22:48+00:00\",\"dateModified\":\"2026-04-05T15:45:35+00:00\",\"breadcrumb\":{\"@id\":\"https:\\\/\\\/institut-belle-amazone.fr\\\/index.php\\\/product\\\/carte-cadeau\\\/#breadcrumb\"},\"inLanguage\":\"fr-FR\",\"potentialAction\":[{\"@type\":\"ReadAction\",\"target\":[\"https:\\\/\\\/institut-belle-amazone.fr\\\/index.php\\\/product\\\/carte-cadeau\\\/\"]}]},{\"@type\":\"ImageObject\",\"inLanguage\":\"fr-FR\",\"@id\":\"https:\\\/\\\/institut-belle-amazone.fr\\\/index.php\\\/product\\\/carte-cadeau\\\/#primaryimage\",\"url\":\"https:\\\/\\\/institut-belle-amazone.fr\\\/wp-content\\\/uploads\\\/2020\\\/11\\\/epilation-audenge-institut-soin-bio-naturel-IMG_2261-scaled.jpg\",\"contentUrl\":\"https:\\\/\\\/institut-belle-amazone.fr\\\/wp-content\\\/uploads\\\/2020\\\/11\\\/epilation-audenge-institut-soin-bio-naturel-IMG_2261-scaled.jpg\",\"width\":2560,\"height\":1920},{\"@type\":\"BreadcrumbList\",\"@id\":\"https:\\\/\\\/institut-belle-amazone.fr\\\/index.php\\\/product\\\/carte-cadeau\\\/#breadcrumb\",\"itemListElement\":[{\"@type\":\"ListItem\",\"position\":1,\"name\":\"Accueil\",\"item\":\"https:\\\/\\\/institut-belle-amazone.fr\\\/\"},{\"@type\":\"ListItem\",\"position\":2,\"name\":\"Shop\",\"item\":\"https:\\\/\\\/institut-belle-amazone.fr\\\/index.php\\\/shop\\\/\"},{\"@type\":\"ListItem\",\"position\":3,\"name\":\"Carte Cadeau &#8211; soins visage\"}]},{\"@type\":\"WebSite\",\"@id\":\"https:\\\/\\\/institut-belle-amazone.fr\\\/#website\",\"url\":\"https:\\\/\\\/institut-belle-amazone.fr\\\/\",\"name\":\"Institut Belle Amazone\",\"description\":\"Institut de beaut\u00e9 \u00e0 Lanton\",\"potentialAction\":[{\"@type\":\"SearchAction\",\"target\":{\"@type\":\"EntryPoint\",\"urlTemplate\":\"https:\\\/\\\/institut-belle-amazone.fr\\\/?s={search_term_string}\"},\"query-input\":{\"@type\":\"PropertyValueSpecification\",\"valueRequired\":true,\"valueName\":\"search_term_string\"}}],\"inLanguage\":\"fr-FR\"}]}<\/script>\n<!-- \/ Yoast SEO plugin. -->","yoast_head_json":{"title":"Carte Cadeau - soins visage - Institut Belle Amazone","robots":{"index":"index","follow":"follow","max-snippet":"max-snippet:-1","max-image-preview":"max-image-preview:large","max-video-preview":"max-video-preview:-1"},"canonical":"https:\/\/institut-belle-amazone.fr\/index.php\/product\/carte-cadeau\/","og_locale":"fr_FR","og_type":"article","og_title":"Carte Cadeau - soins visage - Institut Belle Amazone","og_description":"Une carte cadeau pour vous\u00a0oui \u00e0\u00a0offrir, \u00e0 venir r\u00e9cup\u00e9rer \u00e0 l'institut ou \u00e0 recevoir directement chez vous ! Appelez votre Socio-esth\u00e9ticienne au 06 68 75 80 66 pour\u00a0voir\u00a0les d\u00e9tails.  au menu, plusieurs choix de soins visage \u00e0 r\u00e9gler en ligne.  La carte cadeau est valable 6 mois.  Pour d\u00e9couvrir les massages, cliquez ici.","og_url":"https:\/\/institut-belle-amazone.fr\/index.php\/product\/carte-cadeau\/","og_site_name":"Institut Belle Amazone","article_modified_time":"2026-04-05T15:45:35+00:00","og_image":[{"width":2560,"height":1920,"url":"https:\/\/institut-belle-amazone.fr\/wp-content\/uploads\/2020\/11\/epilation-audenge-institut-soin-bio-naturel-IMG_2261-scaled.jpg","type":"image\/jpeg"}],"twitter_card":"summary_large_image","twitter_misc":{"Dur\u00e9e de lecture estim\u00e9e":"1 minute"},"schema":{"@context":"https:\/\/schema.org","@graph":[{"@type":"WebPage","@id":"https:\/\/institut-belle-amazone.fr\/index.php\/product\/carte-cadeau\/","url":"https:\/\/institut-belle-amazone.fr\/index.php\/product\/carte-cadeau\/","name":"Carte Cadeau - soins visage - Institut Belle Amazone","isPartOf":{"@id":"https:\/\/institut-belle-amazone.fr\/#website"},"primaryImageOfPage":{"@id":"https:\/\/institut-belle-amazone.fr\/index.php\/product\/carte-cadeau\/#primaryimage"},"image":{"@id":"https:\/\/institut-belle-amazone.fr\/index.php\/product\/carte-cadeau\/#primaryimage"},"thumbnailUrl":"https:\/\/institut-belle-amazone.fr\/wp-content\/uploads\/2020\/11\/epilation-audenge-institut-soin-bio-naturel-IMG_2261-scaled.jpg","datePublished":"2020-11-25T14:22:48+00:00","dateModified":"2026-04-05T15:45:35+00:00","breadcrumb":{"@id":"https:\/\/institut-belle-amazone.fr\/index.php\/product\/carte-cadeau\/#breadcrumb"},"inLanguage":"fr-FR","potentialAction":[{"@type":"ReadAction","target":["https:\/\/institut-belle-amazone.fr\/index.php\/product\/carte-cadeau\/"]}]},{"@type":"ImageObject","inLanguage":"fr-FR","@id":"https:\/\/institut-belle-amazone.fr\/index.php\/product\/carte-cadeau\/#primaryimage","url":"https:\/\/institut-belle-amazone.fr\/wp-content\/uploads\/2020\/11\/epilation-audenge-institut-soin-bio-naturel-IMG_2261-scaled.jpg","contentUrl":"https:\/\/institut-belle-amazone.fr\/wp-content\/uploads\/2020\/11\/epilation-audenge-institut-soin-bio-naturel-IMG_2261-scaled.jpg","width":2560,"height":1920},{"@type":"BreadcrumbList","@id":"https:\/\/institut-belle-amazone.fr\/index.php\/product\/carte-cadeau\/#breadcrumb","itemListElement":[{"@type":"ListItem","position":1,"name":"Accueil","item":"https:\/\/institut-belle-amazone.fr\/"},{"@type":"ListItem","position":2,"name":"Shop","item":"https:\/\/institut-belle-amazone.fr\/index.php\/shop\/"},{"@type":"ListItem","position":3,"name":"Carte Cadeau &#8211; soins visage"}]},{"@type":"WebSite","@id":"https:\/\/institut-belle-amazone.fr\/#website","url":"https:\/\/institut-belle-amazone.fr\/","name":"Institut Belle Amazone","description":"Institut de beaut\u00e9 \u00e0 Lanton","potentialAction":[{"@type":"SearchAction","target":{"@type":"EntryPoint","urlTemplate":"https:\/\/institut-belle-amazone.fr\/?s={search_term_string}"},"query-input":{"@type":"PropertyValueSpecification","valueRequired":true,"valueName":"search_term_string"}}],"inLanguage":"fr-FR"}]}},"_links":{"self":[{"href":"https:\/\/institut-belle-amazone.fr\/index.php\/wp-json\/wp\/v2\/product\/6327","targetHints":{"allow":["GET"]}}],"collection":[{"href":"https:\/\/institut-belle-amazone.fr\/index.php\/wp-json\/wp\/v2\/product"}],"about":[{"href":"https:\/\/institut-belle-amazone.fr\/index.php\/wp-json\/wp\/v2\/types\/product"}],"replies":[{"embeddable":true,"href":"https:\/\/institut-belle-amazone.fr\/index.php\/wp-json\/wp\/v2\/comments?post=6327"}],"wp:featuredmedia":[{"embeddable":true,"href":"https:\/\/institut-belle-amazone.fr\/index.php\/wp-json\/wp\/v2\/media\/6328"}],"wp:attachment":[{"href":"https:\/\/institut-belle-amazone.fr\/index.php\/wp-json\/wp\/v2\/media?parent=6327"}],"wp:term":[{"taxonomy":"product_cat","embeddable":true,"href":"https:\/\/institut-belle-amazone.fr\/index.php\/wp-json\/wp\/v2\/product_cat?post=6327"},{"taxonomy":"product_tag","embeddable":true,"href":"https:\/\/institut-belle-amazone.fr\/index.php\/wp-json\/wp\/v2\/product_tag?post=6327"}],"curies":[{"name":"wp","href":"https:\/\/api.w.org\/{rel}","templated":true}]}}