{"id":6140,"date":"2020-11-25T10:23:23","date_gmt":"2020-11-25T09:23:23","guid":{"rendered":"http:\/\/institut-belle-amazone.fr\/?post_type=product&#038;p=6140"},"modified":"2022-08-11T18:39:02","modified_gmt":"2022-08-11T16:39:02","slug":"concentre-de-solution-n4-apaise","status":"publish","type":"product","link":"https:\/\/institut-belle-amazone.fr\/index.php\/product\/concentre-de-solution-n4-apaise\/","title":{"rendered":"Concentr\u00e9 de solution n\u00b04 &#8211; Apaise"},"content":{"rendered":"<p><img decoding=\"async\" class=\"alignnone size-full wp-image-4975 aligncenter\" src=\"http:\/\/institut-belle-amazone.fr\/wp-content\/uploads\/2020\/11\/label_eco_cert_0.png\" alt=\"\" width=\"72\" height=\"50\" \/> <img decoding=\"async\" class=\"alignnone size-full wp-image-4974 aligncenter\" src=\"http:\/\/institut-belle-amazone.fr\/wp-content\/uploads\/2020\/11\/label_bio.png\" alt=\"\" width=\"73\" height=\"52\" \/><\/p>\n","protected":false},"excerpt":{"rendered":"<p><em>&#8211; Peaux fragiles &#8211; flacon pipette 9ml<\/em><\/p>\n<div class=\"desc\">\n<div class=\"active\" data-id=\"desc_detail\">\n<p>Apaisant et \u00e9claircissant cible des peaux sensibles et\/ou couperos\u00e9es.<\/p>\n<ul>\n<li><strong>APAISE<\/strong> &#8211;\u00a0<span style=\"font-size: 1rem\">Huile de cameline<\/span><\/li>\n<li><strong>R\u00c9PARE<\/strong> &#8211; Huile essentielle de lavande Bio<\/li>\n<\/ul>\n<\/div>\n<\/div>\n<p><em>100% du total est d&rsquo;origine naturelle<\/em><\/p>\n<p><em>48% du total des ingr\u00e9dients sont d&rsquo;origine biologique<\/em><\/p>\n<p><strong><em>PRODUIT LABELLIS\u00c9 BIO ET ECOCERT<\/em><\/strong><\/p>\n","protected":false},"featured_media":6141,"comment_status":"open","ping_status":"closed","template":"","meta":[],"product_cat":[101,62],"product_tag":[],"class_list":{"0":"post-6140","1":"product","2":"type-product","3":"status-publish","4":"has-post-thumbnail","6":"product_brand-estime-et-sens","7":"product_cat-confort-et-apaisement","8":"product_cat-soins-du-visage-elle","10":"first","11":"instock","12":"shipping-taxable","13":"purchasable","14":"product-type-simple"},"yoast_head":"<!-- This site is optimized with the Yoast SEO plugin v27.3 - https:\/\/yoast.com\/product\/yoast-seo-wordpress\/ -->\n<title>Concentr\u00e9 de solution n\u00b04 - Apaise - Institut Belle Amazone<\/title>\n<meta name=\"robots\" content=\"index, follow, max-snippet:-1, max-image-preview:large, max-video-preview:-1\" \/>\n<link rel=\"canonical\" href=\"https:\/\/institut-belle-amazone.fr\/index.php\/product\/concentre-de-solution-n4-apaise\/\" \/>\n<meta property=\"og:locale\" content=\"fr_FR\" \/>\n<meta property=\"og:type\" content=\"article\" \/>\n<meta property=\"og:title\" content=\"Concentr\u00e9 de solution n\u00b04 - Apaise - Institut Belle Amazone\" \/>\n<meta property=\"og:description\" content=\"- Peaux fragiles - flacon pipette 9ml    Apaisant et \u00e9claircissant cible des peaux sensibles et\/ou couperos\u00e9es.   APAISE -\u00a0Huile de cameline  R\u00c9PARE - Huile essentielle de lavande Bio    100% du total est d&#039;origine naturelle  48% du total des ingr\u00e9dients sont d&#039;origine biologique  PRODUIT LABELLIS\u00c9 BIO ET ECOCERT\" \/>\n<meta property=\"og:url\" content=\"https:\/\/institut-belle-amazone.fr\/index.php\/product\/concentre-de-solution-n4-apaise\/\" \/>\n<meta property=\"og:site_name\" content=\"Institut Belle Amazone\" \/>\n<meta property=\"article:modified_time\" content=\"2022-08-11T16:39:02+00:00\" \/>\n<meta property=\"og:image\" content=\"https:\/\/institut-belle-amazone.fr\/wp-content\/uploads\/2020\/11\/CS4.png\" \/>\n\t<meta property=\"og:image:width\" content=\"360\" \/>\n\t<meta property=\"og:image:height\" content=\"360\" \/>\n\t<meta property=\"og:image:type\" content=\"image\/png\" \/>\n<meta name=\"twitter:card\" content=\"summary_large_image\" \/>\n<script type=\"application\/ld+json\" class=\"yoast-schema-graph\">{\"@context\":\"https:\\\/\\\/schema.org\",\"@graph\":[{\"@type\":\"WebPage\",\"@id\":\"https:\\\/\\\/institut-belle-amazone.fr\\\/index.php\\\/product\\\/concentre-de-solution-n4-apaise\\\/\",\"url\":\"https:\\\/\\\/institut-belle-amazone.fr\\\/index.php\\\/product\\\/concentre-de-solution-n4-apaise\\\/\",\"name\":\"Concentr\u00e9 de solution n\u00b04 - Apaise - Institut Belle Amazone\",\"isPartOf\":{\"@id\":\"https:\\\/\\\/institut-belle-amazone.fr\\\/#website\"},\"primaryImageOfPage\":{\"@id\":\"https:\\\/\\\/institut-belle-amazone.fr\\\/index.php\\\/product\\\/concentre-de-solution-n4-apaise\\\/#primaryimage\"},\"image\":{\"@id\":\"https:\\\/\\\/institut-belle-amazone.fr\\\/index.php\\\/product\\\/concentre-de-solution-n4-apaise\\\/#primaryimage\"},\"thumbnailUrl\":\"https:\\\/\\\/institut-belle-amazone.fr\\\/wp-content\\\/uploads\\\/2020\\\/11\\\/CS4.png\",\"datePublished\":\"2020-11-25T09:23:23+00:00\",\"dateModified\":\"2022-08-11T16:39:02+00:00\",\"breadcrumb\":{\"@id\":\"https:\\\/\\\/institut-belle-amazone.fr\\\/index.php\\\/product\\\/concentre-de-solution-n4-apaise\\\/#breadcrumb\"},\"inLanguage\":\"fr-FR\",\"potentialAction\":[{\"@type\":\"ReadAction\",\"target\":[\"https:\\\/\\\/institut-belle-amazone.fr\\\/index.php\\\/product\\\/concentre-de-solution-n4-apaise\\\/\"]}]},{\"@type\":\"ImageObject\",\"inLanguage\":\"fr-FR\",\"@id\":\"https:\\\/\\\/institut-belle-amazone.fr\\\/index.php\\\/product\\\/concentre-de-solution-n4-apaise\\\/#primaryimage\",\"url\":\"https:\\\/\\\/institut-belle-amazone.fr\\\/wp-content\\\/uploads\\\/2020\\\/11\\\/CS4.png\",\"contentUrl\":\"https:\\\/\\\/institut-belle-amazone.fr\\\/wp-content\\\/uploads\\\/2020\\\/11\\\/CS4.png\",\"width\":360,\"height\":360},{\"@type\":\"BreadcrumbList\",\"@id\":\"https:\\\/\\\/institut-belle-amazone.fr\\\/index.php\\\/product\\\/concentre-de-solution-n4-apaise\\\/#breadcrumb\",\"itemListElement\":[{\"@type\":\"ListItem\",\"position\":1,\"name\":\"Accueil\",\"item\":\"https:\\\/\\\/institut-belle-amazone.fr\\\/\"},{\"@type\":\"ListItem\",\"position\":2,\"name\":\"Shop\",\"item\":\"https:\\\/\\\/institut-belle-amazone.fr\\\/index.php\\\/shop\\\/\"},{\"@type\":\"ListItem\",\"position\":3,\"name\":\"Concentr\u00e9 de solution n\u00b04 &#8211; Apaise\"}]},{\"@type\":\"WebSite\",\"@id\":\"https:\\\/\\\/institut-belle-amazone.fr\\\/#website\",\"url\":\"https:\\\/\\\/institut-belle-amazone.fr\\\/\",\"name\":\"Institut Belle Amazone\",\"description\":\"Institut de beaut\u00e9 \u00e0 Lanton\",\"potentialAction\":[{\"@type\":\"SearchAction\",\"target\":{\"@type\":\"EntryPoint\",\"urlTemplate\":\"https:\\\/\\\/institut-belle-amazone.fr\\\/?s={search_term_string}\"},\"query-input\":{\"@type\":\"PropertyValueSpecification\",\"valueRequired\":true,\"valueName\":\"search_term_string\"}}],\"inLanguage\":\"fr-FR\"}]}<\/script>\n<!-- \/ Yoast SEO plugin. -->","yoast_head_json":{"title":"Concentr\u00e9 de solution n\u00b04 - Apaise - Institut Belle Amazone","robots":{"index":"index","follow":"follow","max-snippet":"max-snippet:-1","max-image-preview":"max-image-preview:large","max-video-preview":"max-video-preview:-1"},"canonical":"https:\/\/institut-belle-amazone.fr\/index.php\/product\/concentre-de-solution-n4-apaise\/","og_locale":"fr_FR","og_type":"article","og_title":"Concentr\u00e9 de solution n\u00b04 - Apaise - Institut Belle Amazone","og_description":"- Peaux fragiles - flacon pipette 9ml    Apaisant et \u00e9claircissant cible des peaux sensibles et\/ou couperos\u00e9es.   APAISE -\u00a0Huile de cameline  R\u00c9PARE - Huile essentielle de lavande Bio    100% du total est d'origine naturelle  48% du total des ingr\u00e9dients sont d'origine biologique  PRODUIT LABELLIS\u00c9 BIO ET ECOCERT","og_url":"https:\/\/institut-belle-amazone.fr\/index.php\/product\/concentre-de-solution-n4-apaise\/","og_site_name":"Institut Belle Amazone","article_modified_time":"2022-08-11T16:39:02+00:00","og_image":[{"width":360,"height":360,"url":"https:\/\/institut-belle-amazone.fr\/wp-content\/uploads\/2020\/11\/CS4.png","type":"image\/png"}],"twitter_card":"summary_large_image","schema":{"@context":"https:\/\/schema.org","@graph":[{"@type":"WebPage","@id":"https:\/\/institut-belle-amazone.fr\/index.php\/product\/concentre-de-solution-n4-apaise\/","url":"https:\/\/institut-belle-amazone.fr\/index.php\/product\/concentre-de-solution-n4-apaise\/","name":"Concentr\u00e9 de solution n\u00b04 - Apaise - Institut Belle Amazone","isPartOf":{"@id":"https:\/\/institut-belle-amazone.fr\/#website"},"primaryImageOfPage":{"@id":"https:\/\/institut-belle-amazone.fr\/index.php\/product\/concentre-de-solution-n4-apaise\/#primaryimage"},"image":{"@id":"https:\/\/institut-belle-amazone.fr\/index.php\/product\/concentre-de-solution-n4-apaise\/#primaryimage"},"thumbnailUrl":"https:\/\/institut-belle-amazone.fr\/wp-content\/uploads\/2020\/11\/CS4.png","datePublished":"2020-11-25T09:23:23+00:00","dateModified":"2022-08-11T16:39:02+00:00","breadcrumb":{"@id":"https:\/\/institut-belle-amazone.fr\/index.php\/product\/concentre-de-solution-n4-apaise\/#breadcrumb"},"inLanguage":"fr-FR","potentialAction":[{"@type":"ReadAction","target":["https:\/\/institut-belle-amazone.fr\/index.php\/product\/concentre-de-solution-n4-apaise\/"]}]},{"@type":"ImageObject","inLanguage":"fr-FR","@id":"https:\/\/institut-belle-amazone.fr\/index.php\/product\/concentre-de-solution-n4-apaise\/#primaryimage","url":"https:\/\/institut-belle-amazone.fr\/wp-content\/uploads\/2020\/11\/CS4.png","contentUrl":"https:\/\/institut-belle-amazone.fr\/wp-content\/uploads\/2020\/11\/CS4.png","width":360,"height":360},{"@type":"BreadcrumbList","@id":"https:\/\/institut-belle-amazone.fr\/index.php\/product\/concentre-de-solution-n4-apaise\/#breadcrumb","itemListElement":[{"@type":"ListItem","position":1,"name":"Accueil","item":"https:\/\/institut-belle-amazone.fr\/"},{"@type":"ListItem","position":2,"name":"Shop","item":"https:\/\/institut-belle-amazone.fr\/index.php\/shop\/"},{"@type":"ListItem","position":3,"name":"Concentr\u00e9 de solution n\u00b04 &#8211; Apaise"}]},{"@type":"WebSite","@id":"https:\/\/institut-belle-amazone.fr\/#website","url":"https:\/\/institut-belle-amazone.fr\/","name":"Institut Belle Amazone","description":"Institut de beaut\u00e9 \u00e0 Lanton","potentialAction":[{"@type":"SearchAction","target":{"@type":"EntryPoint","urlTemplate":"https:\/\/institut-belle-amazone.fr\/?s={search_term_string}"},"query-input":{"@type":"PropertyValueSpecification","valueRequired":true,"valueName":"search_term_string"}}],"inLanguage":"fr-FR"}]}},"_links":{"self":[{"href":"https:\/\/institut-belle-amazone.fr\/index.php\/wp-json\/wp\/v2\/product\/6140","targetHints":{"allow":["GET"]}}],"collection":[{"href":"https:\/\/institut-belle-amazone.fr\/index.php\/wp-json\/wp\/v2\/product"}],"about":[{"href":"https:\/\/institut-belle-amazone.fr\/index.php\/wp-json\/wp\/v2\/types\/product"}],"replies":[{"embeddable":true,"href":"https:\/\/institut-belle-amazone.fr\/index.php\/wp-json\/wp\/v2\/comments?post=6140"}],"wp:featuredmedia":[{"embeddable":true,"href":"https:\/\/institut-belle-amazone.fr\/index.php\/wp-json\/wp\/v2\/media\/6141"}],"wp:attachment":[{"href":"https:\/\/institut-belle-amazone.fr\/index.php\/wp-json\/wp\/v2\/media?parent=6140"}],"wp:term":[{"taxonomy":"product_cat","embeddable":true,"href":"https:\/\/institut-belle-amazone.fr\/index.php\/wp-json\/wp\/v2\/product_cat?post=6140"},{"taxonomy":"product_tag","embeddable":true,"href":"https:\/\/institut-belle-amazone.fr\/index.php\/wp-json\/wp\/v2\/product_tag?post=6140"}],"curies":[{"name":"wp","href":"https:\/\/api.w.org\/{rel}","templated":true}]}}