{"id":5087,"date":"2020-11-22T19:30:55","date_gmt":"2020-11-22T18:30:55","guid":{"rendered":"http:\/\/institut-belle-amazone.fr\/?post_type=product&#038;p=5087"},"modified":"2022-08-11T18:35:26","modified_gmt":"2022-08-11T16:35:26","slug":"huile-essence-destime-n1","status":"publish","type":"product","link":"https:\/\/institut-belle-amazone.fr\/index.php\/product\/huile-essence-destime-n1\/","title":{"rendered":"Essence d&rsquo;Estime Harmonie"},"content":{"rendered":"<p style=\"text-align: center\"><img decoding=\"async\" class=\"alignnone size-full wp-image-4975\" src=\"http:\/\/institut-belle-amazone.fr\/wp-content\/uploads\/2020\/11\/label_eco_cert_0.png\" alt=\"\" width=\"72\" height=\"50\" \/> <img decoding=\"async\" class=\"alignnone size-full wp-image-4974\" src=\"http:\/\/institut-belle-amazone.fr\/wp-content\/uploads\/2020\/11\/label_bio.png\" alt=\"\" width=\"73\" height=\"52\" \/><\/p>\n","protected":false},"excerpt":{"rendered":"<p><strong>100 % D\u2019ORIGINE NATURELLE &amp; 99 % D\u2019ORIGINE BIOLOGIQUE<\/strong><\/p>\n<p>Huile corporelle l\u00e9g\u00e8re, l&rsquo;essence d&rsquo;estime bio agit en v\u00e9ritable \u00e9lixir de d\u00e9tente pour le corps et l\u2019esprit. Id\u00e9ale durant les p\u00e9riodes de stress, elle satine, hydrate et apaise durablement la peau tout en lui procurant confort et souplesse.<\/p>\n<p>Compos\u00e9e d\u2019huile essentielle de verveine de Yunnan bio appel\u00e9e \u00e9galement l\u2019<strong>huile essentielle du bonheur<\/strong>, b\u00e9n\u00e9ficiez de ses vertus calmantes, rassurantes et d\u00e9stressantes. L\u2019huile de Jojoba bio et l\u2019huile de s\u00e9same bio agissent en parfaite harmonie pour hydrater et assouplir la peau.<\/p>\n<p>Adapt\u00e9e \u00e0 toutes les peaux et particuli\u00e8rement aux \u00e9pidermes les plus fins, elle sera aussi l\u2019alli\u00e9e parfaite du <a href=\"https:\/\/estime-et-sens.fr\/produit\/lait-corps-hydro-tonic\/\">lait corps hydrotonic<\/a> pour raffermir les zones du corps qui le n\u00e9cessitent.<\/p>\n<p>Format 100 ml<\/p>\n","protected":false},"featured_media":5088,"comment_status":"open","ping_status":"closed","template":"","meta":[],"product_cat":[63,105],"product_tag":[],"class_list":{"0":"post-5087","1":"product","2":"type-product","3":"status-publish","4":"has-post-thumbnail","6":"product_brand-estime-et-sens","7":"product_cat-soins-du-corps-elle","8":"product_cat-douplesse-et-douceur","10":"first","11":"instock","12":"shipping-taxable","13":"purchasable","14":"product-type-simple"},"yoast_head":"<!-- This site is optimized with the Yoast SEO plugin v27.4 - https:\/\/yoast.com\/product\/yoast-seo-wordpress\/ -->\n<title>Essence d&#039;Estime Harmonie - Institut Belle Amazone<\/title>\n<meta name=\"robots\" content=\"index, follow, max-snippet:-1, max-image-preview:large, max-video-preview:-1\" \/>\n<link rel=\"canonical\" href=\"https:\/\/institut-belle-amazone.fr\/index.php\/product\/huile-essence-destime-n1\/\" \/>\n<meta property=\"og:locale\" content=\"fr_FR\" \/>\n<meta property=\"og:type\" content=\"article\" \/>\n<meta property=\"og:title\" content=\"Essence d&#039;Estime Harmonie - Institut Belle Amazone\" \/>\n<meta property=\"og:description\" content=\"100 % D\u2019ORIGINE NATURELLE &amp; 99 % D\u2019ORIGINE BIOLOGIQUE  Huile corporelle l\u00e9g\u00e8re, l&#039;essence d&#039;estime bio agit en v\u00e9ritable \u00e9lixir de d\u00e9tente pour le corps et l\u2019esprit. Id\u00e9ale durant les p\u00e9riodes de stress, elle satine, hydrate et apaise durablement la peau tout en lui procurant confort et souplesse.  Compos\u00e9e d\u2019huile essentielle de verveine de Yunnan bio appel\u00e9e \u00e9galement l\u2019huile essentielle du bonheur, b\u00e9n\u00e9ficiez de ses vertus calmantes, rassurantes et d\u00e9stressantes. L\u2019huile de Jojoba bio et l\u2019huile de s\u00e9same bio agissent en parfaite harmonie pour hydrater et assouplir la peau.  Adapt\u00e9e \u00e0 toutes les peaux et particuli\u00e8rement aux \u00e9pidermes les plus fins, elle sera aussi l\u2019alli\u00e9e parfaite du lait corps hydrotonic pour raffermir les zones du corps qui le n\u00e9cessitent.  Format 100 ml\" \/>\n<meta property=\"og:url\" content=\"https:\/\/institut-belle-amazone.fr\/index.php\/product\/huile-essence-destime-n1\/\" \/>\n<meta property=\"og:site_name\" content=\"Institut Belle Amazone\" \/>\n<meta property=\"article:modified_time\" content=\"2022-08-11T16:35:26+00:00\" \/>\n<meta property=\"og:image\" content=\"https:\/\/institut-belle-amazone.fr\/wp-content\/uploads\/2020\/11\/epilation-audenge-institut-soin-bio-naturel-IMG_2417-2-scaled.jpg\" \/>\n\t<meta property=\"og:image:width\" content=\"2560\" \/>\n\t<meta property=\"og:image:height\" content=\"2560\" \/>\n\t<meta property=\"og:image:type\" content=\"image\/jpeg\" \/>\n<meta name=\"twitter:card\" content=\"summary_large_image\" \/>\n<script type=\"application\/ld+json\" class=\"yoast-schema-graph\">{\"@context\":\"https:\\\/\\\/schema.org\",\"@graph\":[{\"@type\":\"WebPage\",\"@id\":\"https:\\\/\\\/institut-belle-amazone.fr\\\/index.php\\\/product\\\/huile-essence-destime-n1\\\/\",\"url\":\"https:\\\/\\\/institut-belle-amazone.fr\\\/index.php\\\/product\\\/huile-essence-destime-n1\\\/\",\"name\":\"Essence d'Estime Harmonie - Institut Belle Amazone\",\"isPartOf\":{\"@id\":\"https:\\\/\\\/institut-belle-amazone.fr\\\/#website\"},\"primaryImageOfPage\":{\"@id\":\"https:\\\/\\\/institut-belle-amazone.fr\\\/index.php\\\/product\\\/huile-essence-destime-n1\\\/#primaryimage\"},\"image\":{\"@id\":\"https:\\\/\\\/institut-belle-amazone.fr\\\/index.php\\\/product\\\/huile-essence-destime-n1\\\/#primaryimage\"},\"thumbnailUrl\":\"https:\\\/\\\/institut-belle-amazone.fr\\\/wp-content\\\/uploads\\\/2020\\\/11\\\/epilation-audenge-institut-soin-bio-naturel-IMG_2417-2-scaled.jpg\",\"datePublished\":\"2020-11-22T18:30:55+00:00\",\"dateModified\":\"2022-08-11T16:35:26+00:00\",\"breadcrumb\":{\"@id\":\"https:\\\/\\\/institut-belle-amazone.fr\\\/index.php\\\/product\\\/huile-essence-destime-n1\\\/#breadcrumb\"},\"inLanguage\":\"fr-FR\",\"potentialAction\":[{\"@type\":\"ReadAction\",\"target\":[\"https:\\\/\\\/institut-belle-amazone.fr\\\/index.php\\\/product\\\/huile-essence-destime-n1\\\/\"]}]},{\"@type\":\"ImageObject\",\"inLanguage\":\"fr-FR\",\"@id\":\"https:\\\/\\\/institut-belle-amazone.fr\\\/index.php\\\/product\\\/huile-essence-destime-n1\\\/#primaryimage\",\"url\":\"https:\\\/\\\/institut-belle-amazone.fr\\\/wp-content\\\/uploads\\\/2020\\\/11\\\/epilation-audenge-institut-soin-bio-naturel-IMG_2417-2-scaled.jpg\",\"contentUrl\":\"https:\\\/\\\/institut-belle-amazone.fr\\\/wp-content\\\/uploads\\\/2020\\\/11\\\/epilation-audenge-institut-soin-bio-naturel-IMG_2417-2-scaled.jpg\",\"width\":2560,\"height\":2560},{\"@type\":\"BreadcrumbList\",\"@id\":\"https:\\\/\\\/institut-belle-amazone.fr\\\/index.php\\\/product\\\/huile-essence-destime-n1\\\/#breadcrumb\",\"itemListElement\":[{\"@type\":\"ListItem\",\"position\":1,\"name\":\"Accueil\",\"item\":\"https:\\\/\\\/institut-belle-amazone.fr\\\/\"},{\"@type\":\"ListItem\",\"position\":2,\"name\":\"Shop\",\"item\":\"https:\\\/\\\/institut-belle-amazone.fr\\\/index.php\\\/shop\\\/\"},{\"@type\":\"ListItem\",\"position\":3,\"name\":\"Essence d&rsquo;Estime Harmonie\"}]},{\"@type\":\"WebSite\",\"@id\":\"https:\\\/\\\/institut-belle-amazone.fr\\\/#website\",\"url\":\"https:\\\/\\\/institut-belle-amazone.fr\\\/\",\"name\":\"Institut Belle Amazone\",\"description\":\"Institut de beaut\u00e9 \u00e0 Lanton\",\"potentialAction\":[{\"@type\":\"SearchAction\",\"target\":{\"@type\":\"EntryPoint\",\"urlTemplate\":\"https:\\\/\\\/institut-belle-amazone.fr\\\/?s={search_term_string}\"},\"query-input\":{\"@type\":\"PropertyValueSpecification\",\"valueRequired\":true,\"valueName\":\"search_term_string\"}}],\"inLanguage\":\"fr-FR\"}]}<\/script>\n<!-- \/ Yoast SEO plugin. -->","yoast_head_json":{"title":"Essence d'Estime Harmonie - Institut Belle Amazone","robots":{"index":"index","follow":"follow","max-snippet":"max-snippet:-1","max-image-preview":"max-image-preview:large","max-video-preview":"max-video-preview:-1"},"canonical":"https:\/\/institut-belle-amazone.fr\/index.php\/product\/huile-essence-destime-n1\/","og_locale":"fr_FR","og_type":"article","og_title":"Essence d'Estime Harmonie - Institut Belle Amazone","og_description":"100 % D\u2019ORIGINE NATURELLE &amp; 99 % D\u2019ORIGINE BIOLOGIQUE  Huile corporelle l\u00e9g\u00e8re, l'essence d'estime bio agit en v\u00e9ritable \u00e9lixir de d\u00e9tente pour le corps et l\u2019esprit. Id\u00e9ale durant les p\u00e9riodes de stress, elle satine, hydrate et apaise durablement la peau tout en lui procurant confort et souplesse.  Compos\u00e9e d\u2019huile essentielle de verveine de Yunnan bio appel\u00e9e \u00e9galement l\u2019huile essentielle du bonheur, b\u00e9n\u00e9ficiez de ses vertus calmantes, rassurantes et d\u00e9stressantes. L\u2019huile de Jojoba bio et l\u2019huile de s\u00e9same bio agissent en parfaite harmonie pour hydrater et assouplir la peau.  Adapt\u00e9e \u00e0 toutes les peaux et particuli\u00e8rement aux \u00e9pidermes les plus fins, elle sera aussi l\u2019alli\u00e9e parfaite du lait corps hydrotonic pour raffermir les zones du corps qui le n\u00e9cessitent.  Format 100 ml","og_url":"https:\/\/institut-belle-amazone.fr\/index.php\/product\/huile-essence-destime-n1\/","og_site_name":"Institut Belle Amazone","article_modified_time":"2022-08-11T16:35:26+00:00","og_image":[{"width":2560,"height":2560,"url":"https:\/\/institut-belle-amazone.fr\/wp-content\/uploads\/2020\/11\/epilation-audenge-institut-soin-bio-naturel-IMG_2417-2-scaled.jpg","type":"image\/jpeg"}],"twitter_card":"summary_large_image","schema":{"@context":"https:\/\/schema.org","@graph":[{"@type":"WebPage","@id":"https:\/\/institut-belle-amazone.fr\/index.php\/product\/huile-essence-destime-n1\/","url":"https:\/\/institut-belle-amazone.fr\/index.php\/product\/huile-essence-destime-n1\/","name":"Essence d'Estime Harmonie - Institut Belle Amazone","isPartOf":{"@id":"https:\/\/institut-belle-amazone.fr\/#website"},"primaryImageOfPage":{"@id":"https:\/\/institut-belle-amazone.fr\/index.php\/product\/huile-essence-destime-n1\/#primaryimage"},"image":{"@id":"https:\/\/institut-belle-amazone.fr\/index.php\/product\/huile-essence-destime-n1\/#primaryimage"},"thumbnailUrl":"https:\/\/institut-belle-amazone.fr\/wp-content\/uploads\/2020\/11\/epilation-audenge-institut-soin-bio-naturel-IMG_2417-2-scaled.jpg","datePublished":"2020-11-22T18:30:55+00:00","dateModified":"2022-08-11T16:35:26+00:00","breadcrumb":{"@id":"https:\/\/institut-belle-amazone.fr\/index.php\/product\/huile-essence-destime-n1\/#breadcrumb"},"inLanguage":"fr-FR","potentialAction":[{"@type":"ReadAction","target":["https:\/\/institut-belle-amazone.fr\/index.php\/product\/huile-essence-destime-n1\/"]}]},{"@type":"ImageObject","inLanguage":"fr-FR","@id":"https:\/\/institut-belle-amazone.fr\/index.php\/product\/huile-essence-destime-n1\/#primaryimage","url":"https:\/\/institut-belle-amazone.fr\/wp-content\/uploads\/2020\/11\/epilation-audenge-institut-soin-bio-naturel-IMG_2417-2-scaled.jpg","contentUrl":"https:\/\/institut-belle-amazone.fr\/wp-content\/uploads\/2020\/11\/epilation-audenge-institut-soin-bio-naturel-IMG_2417-2-scaled.jpg","width":2560,"height":2560},{"@type":"BreadcrumbList","@id":"https:\/\/institut-belle-amazone.fr\/index.php\/product\/huile-essence-destime-n1\/#breadcrumb","itemListElement":[{"@type":"ListItem","position":1,"name":"Accueil","item":"https:\/\/institut-belle-amazone.fr\/"},{"@type":"ListItem","position":2,"name":"Shop","item":"https:\/\/institut-belle-amazone.fr\/index.php\/shop\/"},{"@type":"ListItem","position":3,"name":"Essence d&rsquo;Estime Harmonie"}]},{"@type":"WebSite","@id":"https:\/\/institut-belle-amazone.fr\/#website","url":"https:\/\/institut-belle-amazone.fr\/","name":"Institut Belle Amazone","description":"Institut de beaut\u00e9 \u00e0 Lanton","potentialAction":[{"@type":"SearchAction","target":{"@type":"EntryPoint","urlTemplate":"https:\/\/institut-belle-amazone.fr\/?s={search_term_string}"},"query-input":{"@type":"PropertyValueSpecification","valueRequired":true,"valueName":"search_term_string"}}],"inLanguage":"fr-FR"}]}},"_links":{"self":[{"href":"https:\/\/institut-belle-amazone.fr\/index.php\/wp-json\/wp\/v2\/product\/5087","targetHints":{"allow":["GET"]}}],"collection":[{"href":"https:\/\/institut-belle-amazone.fr\/index.php\/wp-json\/wp\/v2\/product"}],"about":[{"href":"https:\/\/institut-belle-amazone.fr\/index.php\/wp-json\/wp\/v2\/types\/product"}],"replies":[{"embeddable":true,"href":"https:\/\/institut-belle-amazone.fr\/index.php\/wp-json\/wp\/v2\/comments?post=5087"}],"wp:featuredmedia":[{"embeddable":true,"href":"https:\/\/institut-belle-amazone.fr\/index.php\/wp-json\/wp\/v2\/media\/5088"}],"wp:attachment":[{"href":"https:\/\/institut-belle-amazone.fr\/index.php\/wp-json\/wp\/v2\/media?parent=5087"}],"wp:term":[{"taxonomy":"product_cat","embeddable":true,"href":"https:\/\/institut-belle-amazone.fr\/index.php\/wp-json\/wp\/v2\/product_cat?post=5087"},{"taxonomy":"product_tag","embeddable":true,"href":"https:\/\/institut-belle-amazone.fr\/index.php\/wp-json\/wp\/v2\/product_tag?post=5087"}],"curies":[{"name":"wp","href":"https:\/\/api.w.org\/{rel}","templated":true}]}}