{"id":5072,"date":"2020-11-22T19:21:29","date_gmt":"2020-11-22T18:21:29","guid":{"rendered":"http:\/\/institut-belle-amazone.fr\/?post_type=product&#038;p=5072"},"modified":"2024-11-11T00:14:02","modified_gmt":"2024-11-10T23:14:02","slug":"creme-fine-2","status":"publish","type":"product","link":"https:\/\/institut-belle-amazone.fr\/index.php\/product\/creme-fine-2\/","title":{"rendered":"Cr\u00e8me fine pot rechargeable"},"content":{"rendered":"<p style=\"text-align: center\"><img decoding=\"async\" class=\"alignnone size-full wp-image-4975\" src=\"http:\/\/institut-belle-amazone.fr\/wp-content\/uploads\/2020\/11\/label_eco_cert_0.png\" alt=\"\" width=\"72\" height=\"50\" \/> <img decoding=\"async\" class=\"alignnone size-full wp-image-4974\" src=\"http:\/\/institut-belle-amazone.fr\/wp-content\/uploads\/2020\/11\/label_bio.png\" alt=\"\" width=\"73\" height=\"52\" \/><\/p>\n","protected":false},"excerpt":{"rendered":"<p><strong>99% D&rsquo;ORIGINE NATURELLE &amp; 26% D&rsquo;ORIGINE BIOLOGIQUE<\/strong><\/p>\n<p>V\u00e9ritable soin du visage bio, la cr\u00e8me fine hydratante bio apporte confort et souplesse gr\u00e2ce au s\u00e9bum v\u00e9g\u00e9tal issu de l\u2019olive. Adapt\u00e9e aux peaux normales \u00e0 mixtes, vous allez adorer l\u2019effet \u201cseconde peau\u201d si caract\u00e9ristique de cette cr\u00e8me de soin.<\/p>\n<p>Toute en finesse avec sa texture l\u00e9g\u00e8re, votre peau est prot\u00e9g\u00e9e et hydrat\u00e9e. L\u2019action oxyg\u00e9nante du fenouil marin apporte \u00e9clat \u00e0 votre teint. L\u2019huile de s\u00e9same et d\u2019amande douce procure souplesse et douceur.<\/p>\n<p>Fine et l\u00e9g\u00e8re, elle ne colle pas. La peau est souple, douce et satin\u00e9e. L\u2019essayer, c\u2019est l\u2019adopter !<\/p>\n<p>Format 50ml &#8211; Disponible \u00e9galement en <a href=\"https:\/\/estime-et-sens.fr\/produit\/creme-fine-recharge\/\">recharge<\/a><\/p>\n","protected":false},"featured_media":7296,"comment_status":"open","ping_status":"closed","template":"","meta":[],"product_cat":[102,62],"product_tag":[],"class_list":{"0":"post-5072","1":"product","2":"type-product","3":"status-publish","4":"has-post-thumbnail","6":"product_brand-estime-et-sens","7":"product_cat-purete-et-equilibre","8":"product_cat-soins-du-visage-elle","10":"first","11":"instock","12":"shipping-taxable","13":"purchasable","14":"product-type-simple"},"yoast_head":"<!-- This site is optimized with the Yoast SEO plugin v27.3 - https:\/\/yoast.com\/product\/yoast-seo-wordpress\/ -->\n<title>Cr\u00e8me fine pot rechargeable - Institut Belle Amazone<\/title>\n<meta name=\"robots\" content=\"index, follow, max-snippet:-1, max-image-preview:large, max-video-preview:-1\" \/>\n<link rel=\"canonical\" href=\"https:\/\/institut-belle-amazone.fr\/index.php\/product\/creme-fine-2\/\" \/>\n<meta property=\"og:locale\" content=\"fr_FR\" \/>\n<meta property=\"og:type\" content=\"article\" \/>\n<meta property=\"og:title\" content=\"Cr\u00e8me fine pot rechargeable - Institut Belle Amazone\" \/>\n<meta property=\"og:description\" content=\"99% D&#039;ORIGINE NATURELLE &amp; 26% D&#039;ORIGINE BIOLOGIQUE  V\u00e9ritable soin du visage bio, la cr\u00e8me fine hydratante bio apporte confort et souplesse gr\u00e2ce au s\u00e9bum v\u00e9g\u00e9tal issu de l\u2019olive. Adapt\u00e9e aux peaux normales \u00e0 mixtes, vous allez adorer l\u2019effet \u201cseconde peau\u201d si caract\u00e9ristique de cette cr\u00e8me de soin.  Toute en finesse avec sa texture l\u00e9g\u00e8re, votre peau est prot\u00e9g\u00e9e et hydrat\u00e9e. L\u2019action oxyg\u00e9nante du fenouil marin apporte \u00e9clat \u00e0 votre teint. L\u2019huile de s\u00e9same et d\u2019amande douce procure souplesse et douceur.  Fine et l\u00e9g\u00e8re, elle ne colle pas. La peau est souple, douce et satin\u00e9e. L\u2019essayer, c\u2019est l\u2019adopter !  Format 50ml - Disponible \u00e9galement en recharge\" \/>\n<meta property=\"og:url\" content=\"https:\/\/institut-belle-amazone.fr\/index.php\/product\/creme-fine-2\/\" \/>\n<meta property=\"og:site_name\" content=\"Institut Belle Amazone\" \/>\n<meta property=\"article:modified_time\" content=\"2024-11-10T23:14:02+00:00\" \/>\n<meta property=\"og:image\" content=\"https:\/\/institut-belle-amazone.fr\/wp-content\/uploads\/2021\/04\/creme-fine-complete.jpeg\" \/>\n\t<meta property=\"og:image:width\" content=\"300\" \/>\n\t<meta property=\"og:image:height\" content=\"300\" \/>\n\t<meta property=\"og:image:type\" content=\"image\/jpeg\" \/>\n<meta name=\"twitter:card\" content=\"summary_large_image\" \/>\n<script type=\"application\/ld+json\" class=\"yoast-schema-graph\">{\"@context\":\"https:\\\/\\\/schema.org\",\"@graph\":[{\"@type\":\"WebPage\",\"@id\":\"https:\\\/\\\/institut-belle-amazone.fr\\\/index.php\\\/product\\\/creme-fine-2\\\/\",\"url\":\"https:\\\/\\\/institut-belle-amazone.fr\\\/index.php\\\/product\\\/creme-fine-2\\\/\",\"name\":\"Cr\u00e8me fine pot rechargeable - Institut Belle Amazone\",\"isPartOf\":{\"@id\":\"https:\\\/\\\/institut-belle-amazone.fr\\\/#website\"},\"primaryImageOfPage\":{\"@id\":\"https:\\\/\\\/institut-belle-amazone.fr\\\/index.php\\\/product\\\/creme-fine-2\\\/#primaryimage\"},\"image\":{\"@id\":\"https:\\\/\\\/institut-belle-amazone.fr\\\/index.php\\\/product\\\/creme-fine-2\\\/#primaryimage\"},\"thumbnailUrl\":\"https:\\\/\\\/institut-belle-amazone.fr\\\/wp-content\\\/uploads\\\/2021\\\/04\\\/creme-fine-complete.jpeg\",\"datePublished\":\"2020-11-22T18:21:29+00:00\",\"dateModified\":\"2024-11-10T23:14:02+00:00\",\"breadcrumb\":{\"@id\":\"https:\\\/\\\/institut-belle-amazone.fr\\\/index.php\\\/product\\\/creme-fine-2\\\/#breadcrumb\"},\"inLanguage\":\"fr-FR\",\"potentialAction\":[{\"@type\":\"ReadAction\",\"target\":[\"https:\\\/\\\/institut-belle-amazone.fr\\\/index.php\\\/product\\\/creme-fine-2\\\/\"]}]},{\"@type\":\"ImageObject\",\"inLanguage\":\"fr-FR\",\"@id\":\"https:\\\/\\\/institut-belle-amazone.fr\\\/index.php\\\/product\\\/creme-fine-2\\\/#primaryimage\",\"url\":\"https:\\\/\\\/institut-belle-amazone.fr\\\/wp-content\\\/uploads\\\/2021\\\/04\\\/creme-fine-complete.jpeg\",\"contentUrl\":\"https:\\\/\\\/institut-belle-amazone.fr\\\/wp-content\\\/uploads\\\/2021\\\/04\\\/creme-fine-complete.jpeg\",\"width\":300,\"height\":300},{\"@type\":\"BreadcrumbList\",\"@id\":\"https:\\\/\\\/institut-belle-amazone.fr\\\/index.php\\\/product\\\/creme-fine-2\\\/#breadcrumb\",\"itemListElement\":[{\"@type\":\"ListItem\",\"position\":1,\"name\":\"Accueil\",\"item\":\"https:\\\/\\\/institut-belle-amazone.fr\\\/\"},{\"@type\":\"ListItem\",\"position\":2,\"name\":\"Shop\",\"item\":\"https:\\\/\\\/institut-belle-amazone.fr\\\/index.php\\\/shop\\\/\"},{\"@type\":\"ListItem\",\"position\":3,\"name\":\"Cr\u00e8me fine pot rechargeable\"}]},{\"@type\":\"WebSite\",\"@id\":\"https:\\\/\\\/institut-belle-amazone.fr\\\/#website\",\"url\":\"https:\\\/\\\/institut-belle-amazone.fr\\\/\",\"name\":\"Institut Belle Amazone\",\"description\":\"Institut de beaut\u00e9 \u00e0 Lanton\",\"potentialAction\":[{\"@type\":\"SearchAction\",\"target\":{\"@type\":\"EntryPoint\",\"urlTemplate\":\"https:\\\/\\\/institut-belle-amazone.fr\\\/?s={search_term_string}\"},\"query-input\":{\"@type\":\"PropertyValueSpecification\",\"valueRequired\":true,\"valueName\":\"search_term_string\"}}],\"inLanguage\":\"fr-FR\"}]}<\/script>\n<!-- \/ Yoast SEO plugin. -->","yoast_head_json":{"title":"Cr\u00e8me fine pot rechargeable - Institut Belle Amazone","robots":{"index":"index","follow":"follow","max-snippet":"max-snippet:-1","max-image-preview":"max-image-preview:large","max-video-preview":"max-video-preview:-1"},"canonical":"https:\/\/institut-belle-amazone.fr\/index.php\/product\/creme-fine-2\/","og_locale":"fr_FR","og_type":"article","og_title":"Cr\u00e8me fine pot rechargeable - Institut Belle Amazone","og_description":"99% D'ORIGINE NATURELLE &amp; 26% D'ORIGINE BIOLOGIQUE  V\u00e9ritable soin du visage bio, la cr\u00e8me fine hydratante bio apporte confort et souplesse gr\u00e2ce au s\u00e9bum v\u00e9g\u00e9tal issu de l\u2019olive. Adapt\u00e9e aux peaux normales \u00e0 mixtes, vous allez adorer l\u2019effet \u201cseconde peau\u201d si caract\u00e9ristique de cette cr\u00e8me de soin.  Toute en finesse avec sa texture l\u00e9g\u00e8re, votre peau est prot\u00e9g\u00e9e et hydrat\u00e9e. L\u2019action oxyg\u00e9nante du fenouil marin apporte \u00e9clat \u00e0 votre teint. L\u2019huile de s\u00e9same et d\u2019amande douce procure souplesse et douceur.  Fine et l\u00e9g\u00e8re, elle ne colle pas. La peau est souple, douce et satin\u00e9e. L\u2019essayer, c\u2019est l\u2019adopter !  Format 50ml - Disponible \u00e9galement en recharge","og_url":"https:\/\/institut-belle-amazone.fr\/index.php\/product\/creme-fine-2\/","og_site_name":"Institut Belle Amazone","article_modified_time":"2024-11-10T23:14:02+00:00","og_image":[{"width":300,"height":300,"url":"https:\/\/institut-belle-amazone.fr\/wp-content\/uploads\/2021\/04\/creme-fine-complete.jpeg","type":"image\/jpeg"}],"twitter_card":"summary_large_image","schema":{"@context":"https:\/\/schema.org","@graph":[{"@type":"WebPage","@id":"https:\/\/institut-belle-amazone.fr\/index.php\/product\/creme-fine-2\/","url":"https:\/\/institut-belle-amazone.fr\/index.php\/product\/creme-fine-2\/","name":"Cr\u00e8me fine pot rechargeable - Institut Belle Amazone","isPartOf":{"@id":"https:\/\/institut-belle-amazone.fr\/#website"},"primaryImageOfPage":{"@id":"https:\/\/institut-belle-amazone.fr\/index.php\/product\/creme-fine-2\/#primaryimage"},"image":{"@id":"https:\/\/institut-belle-amazone.fr\/index.php\/product\/creme-fine-2\/#primaryimage"},"thumbnailUrl":"https:\/\/institut-belle-amazone.fr\/wp-content\/uploads\/2021\/04\/creme-fine-complete.jpeg","datePublished":"2020-11-22T18:21:29+00:00","dateModified":"2024-11-10T23:14:02+00:00","breadcrumb":{"@id":"https:\/\/institut-belle-amazone.fr\/index.php\/product\/creme-fine-2\/#breadcrumb"},"inLanguage":"fr-FR","potentialAction":[{"@type":"ReadAction","target":["https:\/\/institut-belle-amazone.fr\/index.php\/product\/creme-fine-2\/"]}]},{"@type":"ImageObject","inLanguage":"fr-FR","@id":"https:\/\/institut-belle-amazone.fr\/index.php\/product\/creme-fine-2\/#primaryimage","url":"https:\/\/institut-belle-amazone.fr\/wp-content\/uploads\/2021\/04\/creme-fine-complete.jpeg","contentUrl":"https:\/\/institut-belle-amazone.fr\/wp-content\/uploads\/2021\/04\/creme-fine-complete.jpeg","width":300,"height":300},{"@type":"BreadcrumbList","@id":"https:\/\/institut-belle-amazone.fr\/index.php\/product\/creme-fine-2\/#breadcrumb","itemListElement":[{"@type":"ListItem","position":1,"name":"Accueil","item":"https:\/\/institut-belle-amazone.fr\/"},{"@type":"ListItem","position":2,"name":"Shop","item":"https:\/\/institut-belle-amazone.fr\/index.php\/shop\/"},{"@type":"ListItem","position":3,"name":"Cr\u00e8me fine pot rechargeable"}]},{"@type":"WebSite","@id":"https:\/\/institut-belle-amazone.fr\/#website","url":"https:\/\/institut-belle-amazone.fr\/","name":"Institut Belle Amazone","description":"Institut de beaut\u00e9 \u00e0 Lanton","potentialAction":[{"@type":"SearchAction","target":{"@type":"EntryPoint","urlTemplate":"https:\/\/institut-belle-amazone.fr\/?s={search_term_string}"},"query-input":{"@type":"PropertyValueSpecification","valueRequired":true,"valueName":"search_term_string"}}],"inLanguage":"fr-FR"}]}},"_links":{"self":[{"href":"https:\/\/institut-belle-amazone.fr\/index.php\/wp-json\/wp\/v2\/product\/5072","targetHints":{"allow":["GET"]}}],"collection":[{"href":"https:\/\/institut-belle-amazone.fr\/index.php\/wp-json\/wp\/v2\/product"}],"about":[{"href":"https:\/\/institut-belle-amazone.fr\/index.php\/wp-json\/wp\/v2\/types\/product"}],"replies":[{"embeddable":true,"href":"https:\/\/institut-belle-amazone.fr\/index.php\/wp-json\/wp\/v2\/comments?post=5072"}],"wp:featuredmedia":[{"embeddable":true,"href":"https:\/\/institut-belle-amazone.fr\/index.php\/wp-json\/wp\/v2\/media\/7296"}],"wp:attachment":[{"href":"https:\/\/institut-belle-amazone.fr\/index.php\/wp-json\/wp\/v2\/media?parent=5072"}],"wp:term":[{"taxonomy":"product_cat","embeddable":true,"href":"https:\/\/institut-belle-amazone.fr\/index.php\/wp-json\/wp\/v2\/product_cat?post=5072"},{"taxonomy":"product_tag","embeddable":true,"href":"https:\/\/institut-belle-amazone.fr\/index.php\/wp-json\/wp\/v2\/product_tag?post=5072"}],"curies":[{"name":"wp","href":"https:\/\/api.w.org\/{rel}","templated":true}]}}