{"id":5052,"date":"2020-11-22T19:08:56","date_gmt":"2020-11-22T18:08:56","guid":{"rendered":"http:\/\/institut-belle-amazone.fr\/?post_type=product&#038;p=5052"},"modified":"2022-08-11T18:36:59","modified_gmt":"2022-08-11T16:36:59","slug":"huile-essence-destime-n6","status":"publish","type":"product","link":"https:\/\/institut-belle-amazone.fr\/index.php\/product\/huile-essence-destime-n6\/","title":{"rendered":"Essence d&rsquo;Estime Infinie pl\u00e9nitude"},"content":{"rendered":"<p style=\"text-align: center\"><img decoding=\"async\" class=\"alignnone size-full wp-image-4975\" src=\"http:\/\/institut-belle-amazone.fr\/wp-content\/uploads\/2020\/11\/label_eco_cert_0.png\" alt=\"\" width=\"72\" height=\"50\" \/> <img decoding=\"async\" class=\"alignnone size-full wp-image-4974\" src=\"http:\/\/institut-belle-amazone.fr\/wp-content\/uploads\/2020\/11\/label_bio.png\" alt=\"\" width=\"73\" height=\"52\" \/><\/p>\n","protected":false},"excerpt":{"rendered":"<p><strong>100 % D\u2019ORIGINE NATURELLE &amp; 93 % D\u2019ORIGINE BIOLOGIQUE<\/strong><\/p>\n<p>L\u2019essence d\u2019estime infinie pl\u00e9nitude hydrate*, nourrit, assouplit et revitalise la peau. V\u00e9ritable soin de beaut\u00e9 pour le corps, elle vous enveloppe d\u2019un voile de douceur. Vous allez appr\u00e9cier sa formule riche en huiles v\u00e9g\u00e9tales bio et son d\u00e9licat parfum ambr\u00e9.<\/p>\n<p>Id\u00e9ale en hiver, apr\u00e8s la douche, cette huile hydrate et nourrit les peaux les plus sensibles gr\u00e2ce aux huiles de coton, de lin et de chanvre qu&rsquo;elle contient. Elle p\u00e9n\u00e8tre rapidement sans laisser de film gras sur la peau. C&rsquo;est l\u2019essence d\u2019estime la plus r\u00e9g\u00e9n\u00e9rante pour la peau mais aussi pour l\u2019esprit !<\/p>\n<p>Format 100 ml<\/p>\n<p>*Hydratation des couches sup\u00e9rieures de l\u2019\u00e9piderme<\/p>\n","protected":false},"featured_media":5053,"comment_status":"open","ping_status":"closed","template":"","meta":[],"product_cat":[63,105],"product_tag":[],"class_list":{"0":"post-5052","1":"product","2":"type-product","3":"status-publish","4":"has-post-thumbnail","6":"product_brand-estime-et-sens","7":"product_cat-soins-du-corps-elle","8":"product_cat-douplesse-et-douceur","10":"first","11":"instock","12":"shipping-taxable","13":"purchasable","14":"product-type-simple"},"yoast_head":"<!-- This site is optimized with the Yoast SEO plugin v27.3 - https:\/\/yoast.com\/product\/yoast-seo-wordpress\/ -->\n<title>Essence d&#039;Estime Infinie pl\u00e9nitude - Institut Belle Amazone<\/title>\n<meta name=\"robots\" content=\"index, follow, max-snippet:-1, max-image-preview:large, max-video-preview:-1\" \/>\n<link rel=\"canonical\" href=\"https:\/\/institut-belle-amazone.fr\/index.php\/product\/huile-essence-destime-n6\/\" \/>\n<meta property=\"og:locale\" content=\"fr_FR\" \/>\n<meta property=\"og:type\" content=\"article\" \/>\n<meta property=\"og:title\" content=\"Essence d&#039;Estime Infinie pl\u00e9nitude - Institut Belle Amazone\" \/>\n<meta property=\"og:description\" content=\"100 % D\u2019ORIGINE NATURELLE &amp; 93 % D\u2019ORIGINE BIOLOGIQUE  L\u2019essence d\u2019estime infinie pl\u00e9nitude hydrate*, nourrit, assouplit et revitalise la peau. V\u00e9ritable soin de beaut\u00e9 pour le corps, elle vous enveloppe d\u2019un voile de douceur. Vous allez appr\u00e9cier sa formule riche en huiles v\u00e9g\u00e9tales bio et son d\u00e9licat parfum ambr\u00e9.  Id\u00e9ale en hiver, apr\u00e8s la douche, cette huile hydrate et nourrit les peaux les plus sensibles gr\u00e2ce aux huiles de coton, de lin et de chanvre qu&#039;elle contient. Elle p\u00e9n\u00e8tre rapidement sans laisser de film gras sur la peau. C&#039;est l\u2019essence d\u2019estime la plus r\u00e9g\u00e9n\u00e9rante pour la peau mais aussi pour l\u2019esprit !  Format 100 ml  *Hydratation des couches sup\u00e9rieures de l\u2019\u00e9piderme\" \/>\n<meta property=\"og:url\" content=\"https:\/\/institut-belle-amazone.fr\/index.php\/product\/huile-essence-destime-n6\/\" \/>\n<meta property=\"og:site_name\" content=\"Institut Belle Amazone\" \/>\n<meta property=\"article:modified_time\" content=\"2022-08-11T16:36:59+00:00\" \/>\n<meta property=\"og:image\" content=\"https:\/\/institut-belle-amazone.fr\/wp-content\/uploads\/2020\/11\/epilation-audenge-institut-soin-bio-naturel-IMG_2421-2-scaled.jpg\" \/>\n\t<meta property=\"og:image:width\" content=\"2560\" \/>\n\t<meta property=\"og:image:height\" content=\"2560\" \/>\n\t<meta property=\"og:image:type\" content=\"image\/jpeg\" \/>\n<meta name=\"twitter:card\" content=\"summary_large_image\" \/>\n<script type=\"application\/ld+json\" class=\"yoast-schema-graph\">{\"@context\":\"https:\\\/\\\/schema.org\",\"@graph\":[{\"@type\":\"WebPage\",\"@id\":\"https:\\\/\\\/institut-belle-amazone.fr\\\/index.php\\\/product\\\/huile-essence-destime-n6\\\/\",\"url\":\"https:\\\/\\\/institut-belle-amazone.fr\\\/index.php\\\/product\\\/huile-essence-destime-n6\\\/\",\"name\":\"Essence d'Estime Infinie pl\u00e9nitude - Institut Belle Amazone\",\"isPartOf\":{\"@id\":\"https:\\\/\\\/institut-belle-amazone.fr\\\/#website\"},\"primaryImageOfPage\":{\"@id\":\"https:\\\/\\\/institut-belle-amazone.fr\\\/index.php\\\/product\\\/huile-essence-destime-n6\\\/#primaryimage\"},\"image\":{\"@id\":\"https:\\\/\\\/institut-belle-amazone.fr\\\/index.php\\\/product\\\/huile-essence-destime-n6\\\/#primaryimage\"},\"thumbnailUrl\":\"https:\\\/\\\/institut-belle-amazone.fr\\\/wp-content\\\/uploads\\\/2020\\\/11\\\/epilation-audenge-institut-soin-bio-naturel-IMG_2421-2-scaled.jpg\",\"datePublished\":\"2020-11-22T18:08:56+00:00\",\"dateModified\":\"2022-08-11T16:36:59+00:00\",\"breadcrumb\":{\"@id\":\"https:\\\/\\\/institut-belle-amazone.fr\\\/index.php\\\/product\\\/huile-essence-destime-n6\\\/#breadcrumb\"},\"inLanguage\":\"fr-FR\",\"potentialAction\":[{\"@type\":\"ReadAction\",\"target\":[\"https:\\\/\\\/institut-belle-amazone.fr\\\/index.php\\\/product\\\/huile-essence-destime-n6\\\/\"]}]},{\"@type\":\"ImageObject\",\"inLanguage\":\"fr-FR\",\"@id\":\"https:\\\/\\\/institut-belle-amazone.fr\\\/index.php\\\/product\\\/huile-essence-destime-n6\\\/#primaryimage\",\"url\":\"https:\\\/\\\/institut-belle-amazone.fr\\\/wp-content\\\/uploads\\\/2020\\\/11\\\/epilation-audenge-institut-soin-bio-naturel-IMG_2421-2-scaled.jpg\",\"contentUrl\":\"https:\\\/\\\/institut-belle-amazone.fr\\\/wp-content\\\/uploads\\\/2020\\\/11\\\/epilation-audenge-institut-soin-bio-naturel-IMG_2421-2-scaled.jpg\",\"width\":2560,\"height\":2560},{\"@type\":\"BreadcrumbList\",\"@id\":\"https:\\\/\\\/institut-belle-amazone.fr\\\/index.php\\\/product\\\/huile-essence-destime-n6\\\/#breadcrumb\",\"itemListElement\":[{\"@type\":\"ListItem\",\"position\":1,\"name\":\"Accueil\",\"item\":\"https:\\\/\\\/institut-belle-amazone.fr\\\/\"},{\"@type\":\"ListItem\",\"position\":2,\"name\":\"Shop\",\"item\":\"https:\\\/\\\/institut-belle-amazone.fr\\\/index.php\\\/shop\\\/\"},{\"@type\":\"ListItem\",\"position\":3,\"name\":\"Essence d&rsquo;Estime Infinie pl\u00e9nitude\"}]},{\"@type\":\"WebSite\",\"@id\":\"https:\\\/\\\/institut-belle-amazone.fr\\\/#website\",\"url\":\"https:\\\/\\\/institut-belle-amazone.fr\\\/\",\"name\":\"Institut Belle Amazone\",\"description\":\"Institut de beaut\u00e9 \u00e0 Lanton\",\"potentialAction\":[{\"@type\":\"SearchAction\",\"target\":{\"@type\":\"EntryPoint\",\"urlTemplate\":\"https:\\\/\\\/institut-belle-amazone.fr\\\/?s={search_term_string}\"},\"query-input\":{\"@type\":\"PropertyValueSpecification\",\"valueRequired\":true,\"valueName\":\"search_term_string\"}}],\"inLanguage\":\"fr-FR\"}]}<\/script>\n<!-- \/ Yoast SEO plugin. -->","yoast_head_json":{"title":"Essence d'Estime Infinie pl\u00e9nitude - Institut Belle Amazone","robots":{"index":"index","follow":"follow","max-snippet":"max-snippet:-1","max-image-preview":"max-image-preview:large","max-video-preview":"max-video-preview:-1"},"canonical":"https:\/\/institut-belle-amazone.fr\/index.php\/product\/huile-essence-destime-n6\/","og_locale":"fr_FR","og_type":"article","og_title":"Essence d'Estime Infinie pl\u00e9nitude - Institut Belle Amazone","og_description":"100 % D\u2019ORIGINE NATURELLE &amp; 93 % D\u2019ORIGINE BIOLOGIQUE  L\u2019essence d\u2019estime infinie pl\u00e9nitude hydrate*, nourrit, assouplit et revitalise la peau. V\u00e9ritable soin de beaut\u00e9 pour le corps, elle vous enveloppe d\u2019un voile de douceur. Vous allez appr\u00e9cier sa formule riche en huiles v\u00e9g\u00e9tales bio et son d\u00e9licat parfum ambr\u00e9.  Id\u00e9ale en hiver, apr\u00e8s la douche, cette huile hydrate et nourrit les peaux les plus sensibles gr\u00e2ce aux huiles de coton, de lin et de chanvre qu'elle contient. Elle p\u00e9n\u00e8tre rapidement sans laisser de film gras sur la peau. C'est l\u2019essence d\u2019estime la plus r\u00e9g\u00e9n\u00e9rante pour la peau mais aussi pour l\u2019esprit !  Format 100 ml  *Hydratation des couches sup\u00e9rieures de l\u2019\u00e9piderme","og_url":"https:\/\/institut-belle-amazone.fr\/index.php\/product\/huile-essence-destime-n6\/","og_site_name":"Institut Belle Amazone","article_modified_time":"2022-08-11T16:36:59+00:00","og_image":[{"width":2560,"height":2560,"url":"https:\/\/institut-belle-amazone.fr\/wp-content\/uploads\/2020\/11\/epilation-audenge-institut-soin-bio-naturel-IMG_2421-2-scaled.jpg","type":"image\/jpeg"}],"twitter_card":"summary_large_image","schema":{"@context":"https:\/\/schema.org","@graph":[{"@type":"WebPage","@id":"https:\/\/institut-belle-amazone.fr\/index.php\/product\/huile-essence-destime-n6\/","url":"https:\/\/institut-belle-amazone.fr\/index.php\/product\/huile-essence-destime-n6\/","name":"Essence d'Estime Infinie pl\u00e9nitude - Institut Belle Amazone","isPartOf":{"@id":"https:\/\/institut-belle-amazone.fr\/#website"},"primaryImageOfPage":{"@id":"https:\/\/institut-belle-amazone.fr\/index.php\/product\/huile-essence-destime-n6\/#primaryimage"},"image":{"@id":"https:\/\/institut-belle-amazone.fr\/index.php\/product\/huile-essence-destime-n6\/#primaryimage"},"thumbnailUrl":"https:\/\/institut-belle-amazone.fr\/wp-content\/uploads\/2020\/11\/epilation-audenge-institut-soin-bio-naturel-IMG_2421-2-scaled.jpg","datePublished":"2020-11-22T18:08:56+00:00","dateModified":"2022-08-11T16:36:59+00:00","breadcrumb":{"@id":"https:\/\/institut-belle-amazone.fr\/index.php\/product\/huile-essence-destime-n6\/#breadcrumb"},"inLanguage":"fr-FR","potentialAction":[{"@type":"ReadAction","target":["https:\/\/institut-belle-amazone.fr\/index.php\/product\/huile-essence-destime-n6\/"]}]},{"@type":"ImageObject","inLanguage":"fr-FR","@id":"https:\/\/institut-belle-amazone.fr\/index.php\/product\/huile-essence-destime-n6\/#primaryimage","url":"https:\/\/institut-belle-amazone.fr\/wp-content\/uploads\/2020\/11\/epilation-audenge-institut-soin-bio-naturel-IMG_2421-2-scaled.jpg","contentUrl":"https:\/\/institut-belle-amazone.fr\/wp-content\/uploads\/2020\/11\/epilation-audenge-institut-soin-bio-naturel-IMG_2421-2-scaled.jpg","width":2560,"height":2560},{"@type":"BreadcrumbList","@id":"https:\/\/institut-belle-amazone.fr\/index.php\/product\/huile-essence-destime-n6\/#breadcrumb","itemListElement":[{"@type":"ListItem","position":1,"name":"Accueil","item":"https:\/\/institut-belle-amazone.fr\/"},{"@type":"ListItem","position":2,"name":"Shop","item":"https:\/\/institut-belle-amazone.fr\/index.php\/shop\/"},{"@type":"ListItem","position":3,"name":"Essence d&rsquo;Estime Infinie pl\u00e9nitude"}]},{"@type":"WebSite","@id":"https:\/\/institut-belle-amazone.fr\/#website","url":"https:\/\/institut-belle-amazone.fr\/","name":"Institut Belle Amazone","description":"Institut de beaut\u00e9 \u00e0 Lanton","potentialAction":[{"@type":"SearchAction","target":{"@type":"EntryPoint","urlTemplate":"https:\/\/institut-belle-amazone.fr\/?s={search_term_string}"},"query-input":{"@type":"PropertyValueSpecification","valueRequired":true,"valueName":"search_term_string"}}],"inLanguage":"fr-FR"}]}},"_links":{"self":[{"href":"https:\/\/institut-belle-amazone.fr\/index.php\/wp-json\/wp\/v2\/product\/5052","targetHints":{"allow":["GET"]}}],"collection":[{"href":"https:\/\/institut-belle-amazone.fr\/index.php\/wp-json\/wp\/v2\/product"}],"about":[{"href":"https:\/\/institut-belle-amazone.fr\/index.php\/wp-json\/wp\/v2\/types\/product"}],"replies":[{"embeddable":true,"href":"https:\/\/institut-belle-amazone.fr\/index.php\/wp-json\/wp\/v2\/comments?post=5052"}],"wp:featuredmedia":[{"embeddable":true,"href":"https:\/\/institut-belle-amazone.fr\/index.php\/wp-json\/wp\/v2\/media\/5053"}],"wp:attachment":[{"href":"https:\/\/institut-belle-amazone.fr\/index.php\/wp-json\/wp\/v2\/media?parent=5052"}],"wp:term":[{"taxonomy":"product_cat","embeddable":true,"href":"https:\/\/institut-belle-amazone.fr\/index.php\/wp-json\/wp\/v2\/product_cat?post=5052"},{"taxonomy":"product_tag","embeddable":true,"href":"https:\/\/institut-belle-amazone.fr\/index.php\/wp-json\/wp\/v2\/product_tag?post=5052"}],"curies":[{"name":"wp","href":"https:\/\/api.w.org\/{rel}","templated":true}]}}