{"id":5032,"date":"2020-11-22T18:55:30","date_gmt":"2020-11-22T17:55:30","guid":{"rendered":"http:\/\/institut-belle-amazone.fr\/?post_type=product&#038;p=5032"},"modified":"2022-08-11T18:42:40","modified_gmt":"2022-08-11T16:42:40","slug":"serum-purifiant-intense","status":"publish","type":"product","link":"https:\/\/institut-belle-amazone.fr\/index.php\/product\/serum-purifiant-intense\/","title":{"rendered":"Serum purifiant intense"},"content":{"rendered":"<p style=\"text-align: center\"><img decoding=\"async\" class=\"alignnone size-full wp-image-4975\" src=\"http:\/\/institut-belle-amazone.fr\/wp-content\/uploads\/2020\/11\/label_eco_cert_0.png\" alt=\"\" width=\"72\" height=\"50\" \/> <img decoding=\"async\" class=\"alignnone size-full wp-image-4974\" src=\"http:\/\/institut-belle-amazone.fr\/wp-content\/uploads\/2020\/11\/label_bio.png\" alt=\"\" width=\"73\" height=\"52\" \/><\/p>\n","protected":false},"excerpt":{"rendered":"<p><em>&#8211; convient aux peaux avec imperfections &#8211; flacon pompe 50ml<\/em><\/p>\n<div class=\"active\" data-id=\"conseils\">\n<div class=\"desc\">\n<p>Le s\u00e9rum matifiant bio PURIFIANT INTENSE est un<strong> soin visage bio.<\/strong><\/p>\n<p><strong>Convient aux peaux tr\u00e8s brillantes ou sujettes aux imperfections.<\/strong><\/p>\n<ul>\n<li><b>\u00c9LIMINE LES IMPERFECTIONS\u00a0<\/b>&#8211; Epilobe des moraines<\/li>\n<li><b>MATIFIE\u00a0<\/b>&#8211;\u00a0<span style=\"font-size: 1rem\">Extrait de riz<\/span><\/li>\n<\/ul>\n<\/div>\n<\/div>\n<div class=\"active\" data-id=\"conseils\">\n<p><em>98% du total des ingr\u00e9dients sont d\u2019origine naturelle<\/em><\/p>\n<p><em>10% du total des ingr\u00e9dients sont issus de l\u2019agriculture biologique<\/em><\/p>\n<p><strong><em>PRODUIT LABELLIS\u00c9 BIO ET ECOCERT<\/em><\/strong><\/p>\n<\/div>\n","protected":false},"featured_media":5033,"comment_status":"open","ping_status":"closed","template":"","meta":[],"product_cat":[102,62],"product_tag":[],"class_list":{"0":"post-5032","1":"product","2":"type-product","3":"status-publish","4":"has-post-thumbnail","6":"product_brand-estime-et-sens","7":"product_cat-purete-et-equilibre","8":"product_cat-soins-du-visage-elle","10":"first","11":"instock","12":"shipping-taxable","13":"purchasable","14":"product-type-simple"},"yoast_head":"<!-- This site is optimized with the Yoast SEO plugin v27.3 - https:\/\/yoast.com\/product\/yoast-seo-wordpress\/ -->\n<title>Serum purifiant intense - Institut Belle Amazone<\/title>\n<meta name=\"robots\" content=\"index, follow, max-snippet:-1, max-image-preview:large, max-video-preview:-1\" \/>\n<link rel=\"canonical\" href=\"https:\/\/institut-belle-amazone.fr\/index.php\/product\/serum-purifiant-intense\/\" \/>\n<meta property=\"og:locale\" content=\"fr_FR\" \/>\n<meta property=\"og:type\" content=\"article\" \/>\n<meta property=\"og:title\" content=\"Serum purifiant intense - Institut Belle Amazone\" \/>\n<meta property=\"og:description\" content=\"- convient aux peaux avec imperfections - flacon pompe 50ml    Le s\u00e9rum matifiant bio PURIFIANT INTENSE est un soin visage bio.  Convient aux peaux tr\u00e8s brillantes ou sujettes aux imperfections.   \u00c9LIMINE LES IMPERFECTIONS\u00a0- Epilobe des moraines  MATIFIE\u00a0-\u00a0Extrait de riz      98% du total des ingr\u00e9dients sont d\u2019origine naturelle  10% du total des ingr\u00e9dients sont issus de l\u2019agriculture biologique  PRODUIT LABELLIS\u00c9 BIO ET ECOCERT\" \/>\n<meta property=\"og:url\" content=\"https:\/\/institut-belle-amazone.fr\/index.php\/product\/serum-purifiant-intense\/\" \/>\n<meta property=\"og:site_name\" content=\"Institut Belle Amazone\" \/>\n<meta property=\"article:modified_time\" content=\"2022-08-11T16:42:40+00:00\" \/>\n<meta property=\"og:image\" content=\"https:\/\/institut-belle-amazone.fr\/wp-content\/uploads\/2020\/11\/epilation-audenge-institut-soin-bio-naturel-IMG_2338-2-scaled.jpg\" \/>\n\t<meta property=\"og:image:width\" content=\"2560\" \/>\n\t<meta property=\"og:image:height\" content=\"2560\" \/>\n\t<meta property=\"og:image:type\" content=\"image\/jpeg\" \/>\n<meta name=\"twitter:card\" content=\"summary_large_image\" \/>\n<script type=\"application\/ld+json\" class=\"yoast-schema-graph\">{\"@context\":\"https:\\\/\\\/schema.org\",\"@graph\":[{\"@type\":\"WebPage\",\"@id\":\"https:\\\/\\\/institut-belle-amazone.fr\\\/index.php\\\/product\\\/serum-purifiant-intense\\\/\",\"url\":\"https:\\\/\\\/institut-belle-amazone.fr\\\/index.php\\\/product\\\/serum-purifiant-intense\\\/\",\"name\":\"Serum purifiant intense - Institut Belle Amazone\",\"isPartOf\":{\"@id\":\"https:\\\/\\\/institut-belle-amazone.fr\\\/#website\"},\"primaryImageOfPage\":{\"@id\":\"https:\\\/\\\/institut-belle-amazone.fr\\\/index.php\\\/product\\\/serum-purifiant-intense\\\/#primaryimage\"},\"image\":{\"@id\":\"https:\\\/\\\/institut-belle-amazone.fr\\\/index.php\\\/product\\\/serum-purifiant-intense\\\/#primaryimage\"},\"thumbnailUrl\":\"https:\\\/\\\/institut-belle-amazone.fr\\\/wp-content\\\/uploads\\\/2020\\\/11\\\/epilation-audenge-institut-soin-bio-naturel-IMG_2338-2-scaled.jpg\",\"datePublished\":\"2020-11-22T17:55:30+00:00\",\"dateModified\":\"2022-08-11T16:42:40+00:00\",\"breadcrumb\":{\"@id\":\"https:\\\/\\\/institut-belle-amazone.fr\\\/index.php\\\/product\\\/serum-purifiant-intense\\\/#breadcrumb\"},\"inLanguage\":\"fr-FR\",\"potentialAction\":[{\"@type\":\"ReadAction\",\"target\":[\"https:\\\/\\\/institut-belle-amazone.fr\\\/index.php\\\/product\\\/serum-purifiant-intense\\\/\"]}]},{\"@type\":\"ImageObject\",\"inLanguage\":\"fr-FR\",\"@id\":\"https:\\\/\\\/institut-belle-amazone.fr\\\/index.php\\\/product\\\/serum-purifiant-intense\\\/#primaryimage\",\"url\":\"https:\\\/\\\/institut-belle-amazone.fr\\\/wp-content\\\/uploads\\\/2020\\\/11\\\/epilation-audenge-institut-soin-bio-naturel-IMG_2338-2-scaled.jpg\",\"contentUrl\":\"https:\\\/\\\/institut-belle-amazone.fr\\\/wp-content\\\/uploads\\\/2020\\\/11\\\/epilation-audenge-institut-soin-bio-naturel-IMG_2338-2-scaled.jpg\",\"width\":2560,\"height\":2560},{\"@type\":\"BreadcrumbList\",\"@id\":\"https:\\\/\\\/institut-belle-amazone.fr\\\/index.php\\\/product\\\/serum-purifiant-intense\\\/#breadcrumb\",\"itemListElement\":[{\"@type\":\"ListItem\",\"position\":1,\"name\":\"Accueil\",\"item\":\"https:\\\/\\\/institut-belle-amazone.fr\\\/\"},{\"@type\":\"ListItem\",\"position\":2,\"name\":\"Shop\",\"item\":\"https:\\\/\\\/institut-belle-amazone.fr\\\/index.php\\\/shop\\\/\"},{\"@type\":\"ListItem\",\"position\":3,\"name\":\"Serum purifiant intense\"}]},{\"@type\":\"WebSite\",\"@id\":\"https:\\\/\\\/institut-belle-amazone.fr\\\/#website\",\"url\":\"https:\\\/\\\/institut-belle-amazone.fr\\\/\",\"name\":\"Institut Belle Amazone\",\"description\":\"Institut de beaut\u00e9 \u00e0 Lanton\",\"potentialAction\":[{\"@type\":\"SearchAction\",\"target\":{\"@type\":\"EntryPoint\",\"urlTemplate\":\"https:\\\/\\\/institut-belle-amazone.fr\\\/?s={search_term_string}\"},\"query-input\":{\"@type\":\"PropertyValueSpecification\",\"valueRequired\":true,\"valueName\":\"search_term_string\"}}],\"inLanguage\":\"fr-FR\"}]}<\/script>\n<!-- \/ Yoast SEO plugin. -->","yoast_head_json":{"title":"Serum purifiant intense - Institut Belle Amazone","robots":{"index":"index","follow":"follow","max-snippet":"max-snippet:-1","max-image-preview":"max-image-preview:large","max-video-preview":"max-video-preview:-1"},"canonical":"https:\/\/institut-belle-amazone.fr\/index.php\/product\/serum-purifiant-intense\/","og_locale":"fr_FR","og_type":"article","og_title":"Serum purifiant intense - Institut Belle Amazone","og_description":"- convient aux peaux avec imperfections - flacon pompe 50ml    Le s\u00e9rum matifiant bio PURIFIANT INTENSE est un soin visage bio.  Convient aux peaux tr\u00e8s brillantes ou sujettes aux imperfections.   \u00c9LIMINE LES IMPERFECTIONS\u00a0- Epilobe des moraines  MATIFIE\u00a0-\u00a0Extrait de riz      98% du total des ingr\u00e9dients sont d\u2019origine naturelle  10% du total des ingr\u00e9dients sont issus de l\u2019agriculture biologique  PRODUIT LABELLIS\u00c9 BIO ET ECOCERT","og_url":"https:\/\/institut-belle-amazone.fr\/index.php\/product\/serum-purifiant-intense\/","og_site_name":"Institut Belle Amazone","article_modified_time":"2022-08-11T16:42:40+00:00","og_image":[{"width":2560,"height":2560,"url":"https:\/\/institut-belle-amazone.fr\/wp-content\/uploads\/2020\/11\/epilation-audenge-institut-soin-bio-naturel-IMG_2338-2-scaled.jpg","type":"image\/jpeg"}],"twitter_card":"summary_large_image","schema":{"@context":"https:\/\/schema.org","@graph":[{"@type":"WebPage","@id":"https:\/\/institut-belle-amazone.fr\/index.php\/product\/serum-purifiant-intense\/","url":"https:\/\/institut-belle-amazone.fr\/index.php\/product\/serum-purifiant-intense\/","name":"Serum purifiant intense - Institut Belle Amazone","isPartOf":{"@id":"https:\/\/institut-belle-amazone.fr\/#website"},"primaryImageOfPage":{"@id":"https:\/\/institut-belle-amazone.fr\/index.php\/product\/serum-purifiant-intense\/#primaryimage"},"image":{"@id":"https:\/\/institut-belle-amazone.fr\/index.php\/product\/serum-purifiant-intense\/#primaryimage"},"thumbnailUrl":"https:\/\/institut-belle-amazone.fr\/wp-content\/uploads\/2020\/11\/epilation-audenge-institut-soin-bio-naturel-IMG_2338-2-scaled.jpg","datePublished":"2020-11-22T17:55:30+00:00","dateModified":"2022-08-11T16:42:40+00:00","breadcrumb":{"@id":"https:\/\/institut-belle-amazone.fr\/index.php\/product\/serum-purifiant-intense\/#breadcrumb"},"inLanguage":"fr-FR","potentialAction":[{"@type":"ReadAction","target":["https:\/\/institut-belle-amazone.fr\/index.php\/product\/serum-purifiant-intense\/"]}]},{"@type":"ImageObject","inLanguage":"fr-FR","@id":"https:\/\/institut-belle-amazone.fr\/index.php\/product\/serum-purifiant-intense\/#primaryimage","url":"https:\/\/institut-belle-amazone.fr\/wp-content\/uploads\/2020\/11\/epilation-audenge-institut-soin-bio-naturel-IMG_2338-2-scaled.jpg","contentUrl":"https:\/\/institut-belle-amazone.fr\/wp-content\/uploads\/2020\/11\/epilation-audenge-institut-soin-bio-naturel-IMG_2338-2-scaled.jpg","width":2560,"height":2560},{"@type":"BreadcrumbList","@id":"https:\/\/institut-belle-amazone.fr\/index.php\/product\/serum-purifiant-intense\/#breadcrumb","itemListElement":[{"@type":"ListItem","position":1,"name":"Accueil","item":"https:\/\/institut-belle-amazone.fr\/"},{"@type":"ListItem","position":2,"name":"Shop","item":"https:\/\/institut-belle-amazone.fr\/index.php\/shop\/"},{"@type":"ListItem","position":3,"name":"Serum purifiant intense"}]},{"@type":"WebSite","@id":"https:\/\/institut-belle-amazone.fr\/#website","url":"https:\/\/institut-belle-amazone.fr\/","name":"Institut Belle Amazone","description":"Institut de beaut\u00e9 \u00e0 Lanton","potentialAction":[{"@type":"SearchAction","target":{"@type":"EntryPoint","urlTemplate":"https:\/\/institut-belle-amazone.fr\/?s={search_term_string}"},"query-input":{"@type":"PropertyValueSpecification","valueRequired":true,"valueName":"search_term_string"}}],"inLanguage":"fr-FR"}]}},"_links":{"self":[{"href":"https:\/\/institut-belle-amazone.fr\/index.php\/wp-json\/wp\/v2\/product\/5032","targetHints":{"allow":["GET"]}}],"collection":[{"href":"https:\/\/institut-belle-amazone.fr\/index.php\/wp-json\/wp\/v2\/product"}],"about":[{"href":"https:\/\/institut-belle-amazone.fr\/index.php\/wp-json\/wp\/v2\/types\/product"}],"replies":[{"embeddable":true,"href":"https:\/\/institut-belle-amazone.fr\/index.php\/wp-json\/wp\/v2\/comments?post=5032"}],"wp:featuredmedia":[{"embeddable":true,"href":"https:\/\/institut-belle-amazone.fr\/index.php\/wp-json\/wp\/v2\/media\/5033"}],"wp:attachment":[{"href":"https:\/\/institut-belle-amazone.fr\/index.php\/wp-json\/wp\/v2\/media?parent=5032"}],"wp:term":[{"taxonomy":"product_cat","embeddable":true,"href":"https:\/\/institut-belle-amazone.fr\/index.php\/wp-json\/wp\/v2\/product_cat?post=5032"},{"taxonomy":"product_tag","embeddable":true,"href":"https:\/\/institut-belle-amazone.fr\/index.php\/wp-json\/wp\/v2\/product_tag?post=5032"}],"curies":[{"name":"wp","href":"https:\/\/api.w.org\/{rel}","templated":true}]}}