{"id":6784,"date":"2020-11-30T09:51:18","date_gmt":"2020-11-30T08:51:18","guid":{"rendered":"https:\/\/institut-belle-amazone.fr\/?page_id=6784"},"modified":"2023-10-25T12:10:36","modified_gmt":"2023-10-25T10:10:36","slug":"prendre-rendez-vous-en-ligne","status":"publish","type":"page","link":"https:\/\/institut-belle-amazone.fr\/index.php\/prendre-rendez-vous-en-ligne\/","title":{"rendered":"Prendre Rendez-vous en Ligne"},"content":{"rendered":"\t\t<div data-elementor-type=\"wp-page\" data-elementor-id=\"6784\" class=\"elementor elementor-6784\">\n\t\t\t\t\t\t<section class=\"elementor-section elementor-top-section elementor-element elementor-element-f87180c elementor-section-boxed elementor-section-height-default elementor-section-height-default\" data-id=\"f87180c\" data-element_type=\"section\" data-e-type=\"section\">\n\t\t\t\t\t\t<div class=\"elementor-container elementor-column-gap-default\">\n\t\t\t\t\t<div class=\"elementor-column elementor-col-100 elementor-top-column elementor-element elementor-element-9adf80e\" data-id=\"9adf80e\" data-element_type=\"column\" data-e-type=\"column\">\n\t\t\t<div class=\"elementor-widget-wrap elementor-element-populated\">\n\t\t\t\t\t\t<div class=\"elementor-element elementor-element-cfe9d71 elementor-widget elementor-widget-shortcode\" data-id=\"cfe9d71\" data-element_type=\"widget\" data-e-type=\"widget\" data-widget_type=\"shortcode.default\">\n\t\t\t\t<div class=\"elementor-widget-container\">\n\t\t\t\t\t\t\t<div class=\"elementor-shortcode\"><div class=\"rdv360-widget\" data-apikey=\"cc4ac18fa8b55e65b0fafca65a57515a99dac12d\" data-apisecret=\"722d1175b3b37ac0b7f23186ae1133f01b7e2c05\" data-hide_account data-hide_gift data-category=\"services\"><\/vue-widget>\n<\/div>\n\t\t\t\t\t\t<\/div>\n\t\t\t\t<\/div>\n\t\t\t\t\t<\/div>\n\t\t<\/div>\n\t\t\t\t\t<\/div>\n\t\t<\/section>\n\t\t\t\t<section class=\"elementor-section elementor-top-section elementor-element elementor-element-4cf8535 elementor-section-boxed elementor-section-height-default elementor-section-height-default\" data-id=\"4cf8535\" data-element_type=\"section\" data-e-type=\"section\">\n\t\t\t\t\t\t<div class=\"elementor-container elementor-column-gap-default\">\n\t\t\t\t\t<div class=\"elementor-column elementor-col-100 elementor-top-column elementor-element elementor-element-eb9d3e6\" data-id=\"eb9d3e6\" data-element_type=\"column\" data-e-type=\"column\">\n\t\t\t<div class=\"elementor-widget-wrap elementor-element-populated\">\n\t\t\t\t\t\t<div class=\"elementor-element elementor-element-1550c95 elementor-widget elementor-widget-spacer\" data-id=\"1550c95\" data-element_type=\"widget\" data-e-type=\"widget\" data-widget_type=\"spacer.default\">\n\t\t\t\t<div class=\"elementor-widget-container\">\n\t\t\t\t\t\t\t<div class=\"elementor-spacer\">\n\t\t\t<div class=\"elementor-spacer-inner\"><\/div>\n\t\t<\/div>\n\t\t\t\t\t\t<\/div>\n\t\t\t\t<\/div>\n\t\t\t\t\t<\/div>\n\t\t<\/div>\n\t\t\t\t\t<\/div>\n\t\t<\/section>\n\t\t\t\t<section class=\"elementor-section elementor-top-section elementor-element elementor-element-8bab756 elementor-section-boxed elementor-section-height-default elementor-section-height-default\" data-id=\"8bab756\" data-element_type=\"section\" data-e-type=\"section\" data-settings=\"{&quot;background_background&quot;:&quot;classic&quot;}\">\n\t\t\t\t\t\t<div class=\"elementor-container elementor-column-gap-default\">\n\t\t\t\t\t<div class=\"elementor-column elementor-col-33 elementor-top-column elementor-element elementor-element-053a758\" data-id=\"053a758\" data-element_type=\"column\" data-e-type=\"column\">\n\t\t\t<div class=\"elementor-widget-wrap elementor-element-populated\">\n\t\t\t\t\t\t<div class=\"elementor-element elementor-element-046f150 elementor-widget elementor-widget-text-editor\" data-id=\"046f150\" data-element_type=\"widget\" data-e-type=\"widget\" data-widget_type=\"text-editor.default\">\n\t\t\t\t<div class=\"elementor-widget-container\">\n\t\t\t\t\t\t\t\t\t<p>Prestations sur Rendez-vous<\/p>\t\t\t\t\t\t\t\t<\/div>\n\t\t\t\t<\/div>\n\t\t\t\t<div class=\"elementor-element elementor-element-73dc2f0 elementor-align-center elementor-widget elementor-widget-button\" data-id=\"73dc2f0\" data-element_type=\"widget\" data-e-type=\"widget\" data-widget_type=\"button.default\">\n\t\t\t\t<div class=\"elementor-widget-container\">\n\t\t\t\t\t\t\t\t\t<div class=\"elementor-button-wrapper\">\n\t\t\t\t\t<a class=\"elementor-button elementor-button-link elementor-size-sm elementor-animation-shrink\" href=\"https:\/\/institut-belle-amazone.fr\/index.php\/prendre-rendez-vous-en-ligne\/\">\n\t\t\t\t\t\t<span class=\"elementor-button-content-wrapper\">\n\t\t\t\t\t\t\t\t\t<span class=\"elementor-button-text\">Prendre rendez-vous<\/span>\n\t\t\t\t\t<\/span>\n\t\t\t\t\t<\/a>\n\t\t\t\t<\/div>\n\t\t\t\t\t\t\t\t<\/div>\n\t\t\t\t<\/div>\n\t\t\t\t\t<\/div>\n\t\t<\/div>\n\t\t\t\t<div class=\"elementor-column elementor-col-33 elementor-top-column elementor-element elementor-element-0367fa7\" data-id=\"0367fa7\" data-element_type=\"column\" data-e-type=\"column\">\n\t\t\t<div class=\"elementor-widget-wrap elementor-element-populated\">\n\t\t\t\t\t\t<div class=\"elementor-element elementor-element-0a6c7ef elementor-align-center elementor-icon-list--layout-traditional elementor-list-item-link-full_width elementor-widget elementor-widget-icon-list\" data-id=\"0a6c7ef\" data-element_type=\"widget\" data-e-type=\"widget\" data-widget_type=\"icon-list.default\">\n\t\t\t\t<div class=\"elementor-widget-container\">\n\t\t\t\t\t\t\t<ul class=\"elementor-icon-list-items\">\n\t\t\t\t\t\t\t<li class=\"elementor-icon-list-item\">\n\t\t\t\t\t\t\t\t\t\t\t<span class=\"elementor-icon-list-icon\">\n\t\t\t\t\t\t\t\t\t\t\t\t\t\t\t\t<i class=\"opal-icon-located\" aria-hidden=\"true\"><\/i>\n\t\t\t\t\t\t\t\t\t\t\t\t\t<\/span>\n\t\t\t\t\t\t\t\t\t\t<span class=\"elementor-icon-list-text\">49 avenue de la lib\u00e9ration 33138 LANTON<\/span>\n\t\t\t\t\t\t\t\t\t<\/li>\n\t\t\t\t\t\t\t\t<li class=\"elementor-icon-list-item\">\n\t\t\t\t\t\t\t\t\t\t\t<span class=\"elementor-icon-list-icon\">\n\t\t\t\t\t\t\t\t\t\t\t\t\t\t\t\t<i class=\"fa fa-phone\" aria-hidden=\"true\"><\/i>\n\t\t\t\t\t\t\t\t\t\t\t\t\t<\/span>\n\t\t\t\t\t\t\t\t\t\t<span class=\"elementor-icon-list-text\">06 68 75 80 66<\/span>\n\t\t\t\t\t\t\t\t\t<\/li>\n\t\t\t\t\t\t\t\t<li class=\"elementor-icon-list-item\">\n\t\t\t\t\t\t\t\t\t\t\t<span class=\"elementor-icon-list-icon\">\n\t\t\t\t\t\t\t\t\t\t\t\t\t\t\t\t<i class=\"fa fa-envelope\" aria-hidden=\"true\"><\/i>\n\t\t\t\t\t\t\t\t\t\t\t\t\t<\/span>\n\t\t\t\t\t\t\t\t\t\t<span class=\"elementor-icon-list-text\">belamazone@orange.fr<\/span>\n\t\t\t\t\t\t\t\t\t<\/li>\n\t\t\t\t\t\t<\/ul>\n\t\t\t\t\t\t<\/div>\n\t\t\t\t<\/div>\n\t\t\t\t<div class=\"elementor-element elementor-element-bdbd5fd elementor-widget-divider--view-line elementor-widget elementor-widget-divider\" data-id=\"bdbd5fd\" data-element_type=\"widget\" data-e-type=\"widget\" data-widget_type=\"divider.default\">\n\t\t\t\t<div class=\"elementor-widget-container\">\n\t\t\t\t\t\t\t<div class=\"elementor-divider\">\n\t\t\t<span class=\"elementor-divider-separator\">\n\t\t\t\t\t\t<\/span>\n\t\t<\/div>\n\t\t\t\t\t\t<\/div>\n\t\t\t\t<\/div>\n\t\t\t\t<div class=\"elementor-element elementor-element-4485b53 elementor-widget elementor-widget-text-editor\" data-id=\"4485b53\" data-element_type=\"widget\" data-e-type=\"widget\" data-widget_type=\"text-editor.default\">\n\t\t\t\t<div class=\"elementor-widget-container\">\n\t\t\t\t\t\t\t\t\t<p>Retrouvez votre esth\u00e9ticienne sur Facebook<\/p>\t\t\t\t\t\t\t\t<\/div>\n\t\t\t\t<\/div>\n\t\t\t\t<div class=\"elementor-element elementor-element-6575a7e elementor-shape-rounded elementor-grid-0 e-grid-align-center elementor-widget elementor-widget-social-icons\" data-id=\"6575a7e\" data-element_type=\"widget\" data-e-type=\"widget\" data-widget_type=\"social-icons.default\">\n\t\t\t\t<div class=\"elementor-widget-container\">\n\t\t\t\t\t\t\t<div class=\"elementor-social-icons-wrapper elementor-grid\">\n\t\t\t\t\t\t\t<span class=\"elementor-grid-item\">\n\t\t\t\t\t<a class=\"elementor-icon elementor-social-icon elementor-social-icon-facebook elementor-repeater-item-66a2f3c\" href=\"https:\/\/www.facebook.com\/belleamazone33\" target=\"_blank\">\n\t\t\t\t\t\t<span class=\"elementor-screen-only\">Facebook<\/span>\n\t\t\t\t\t\t<i aria-hidden=\"true\" class=\"fab fa-facebook\"><\/i>\t\t\t\t\t<\/a>\n\t\t\t\t<\/span>\n\t\t\t\t\t<\/div>\n\t\t\t\t\t\t<\/div>\n\t\t\t\t<\/div>\n\t\t\t\t\t<\/div>\n\t\t<\/div>\n\t\t\t\t<div class=\"elementor-column elementor-col-33 elementor-top-column elementor-element elementor-element-822578b\" data-id=\"822578b\" data-element_type=\"column\" data-e-type=\"column\">\n\t\t\t<div class=\"elementor-widget-wrap elementor-element-populated\">\n\t\t\t\t\t\t<div class=\"elementor-element elementor-element-25c0b02 elementor-widget elementor-widget-text-editor\" data-id=\"25c0b02\" data-element_type=\"widget\" data-e-type=\"widget\" data-widget_type=\"text-editor.default\">\n\t\t\t\t<div class=\"elementor-widget-container\">\n\t\t\t\t\t\t\t\t\t<p>Boutique en ligne<\/p>\t\t\t\t\t\t\t\t<\/div>\n\t\t\t\t<\/div>\n\t\t\t\t<div class=\"elementor-element elementor-element-046ce43 elementor-align-center elementor-widget elementor-widget-button\" data-id=\"046ce43\" data-element_type=\"widget\" data-e-type=\"widget\" data-widget_type=\"button.default\">\n\t\t\t\t<div class=\"elementor-widget-container\">\n\t\t\t\t\t\t\t\t\t<div class=\"elementor-button-wrapper\">\n\t\t\t\t\t<a class=\"elementor-button elementor-button-link elementor-size-sm elementor-animation-shrink\" href=\"http:\/\/institut-belle-amazone.fr\/index.php\/boutique\/\">\n\t\t\t\t\t\t<span class=\"elementor-button-content-wrapper\">\n\t\t\t\t\t\t\t\t\t<span class=\"elementor-button-text\">D\u00e9couvrir les produits<\/span>\n\t\t\t\t\t<\/span>\n\t\t\t\t\t<\/a>\n\t\t\t\t<\/div>\n\t\t\t\t\t\t\t\t<\/div>\n\t\t\t\t<\/div>\n\t\t\t\t<div class=\"elementor-element elementor-element-2c92f9a elementor-widget elementor-widget-text-editor\" data-id=\"2c92f9a\" data-element_type=\"widget\" data-e-type=\"widget\" data-widget_type=\"text-editor.default\">\n\t\t\t\t<div class=\"elementor-widget-container\">\n\t\t\t\t\t\t\t\t\t<p><a href=\"http:\/\/institut-belle-amazone.fr\/index.php\/politique-de-confidentialite\/\">Politique de Confidentialit\u00e9<\/a><\/p>\t\t\t\t\t\t\t\t<\/div>\n\t\t\t\t<\/div>\n\t\t\t\t<div class=\"elementor-element elementor-element-0e1f58b elementor-widget elementor-widget-text-editor\" data-id=\"0e1f58b\" data-element_type=\"widget\" data-e-type=\"widget\" data-widget_type=\"text-editor.default\">\n\t\t\t\t<div class=\"elementor-widget-container\">\n\t\t\t\t\t\t\t\t\t<p><a href=\"http:\/\/institut-belle-amazone.fr\/index.php\/cgv\/\">CGV<\/a><\/p>\t\t\t\t\t\t\t\t<\/div>\n\t\t\t\t<\/div>\n\t\t\t\t<div class=\"elementor-element elementor-element-ef3a7e3 elementor-widget elementor-widget-text-editor\" data-id=\"ef3a7e3\" data-element_type=\"widget\" data-e-type=\"widget\" data-widget_type=\"text-editor.default\">\n\t\t\t\t<div class=\"elementor-widget-container\">\n\t\t\t\t\t\t\t\t\t<p><a href=\"http:\/\/institut-belle-amazone.fr\/index.php\/mentions-legales\/\">Mentions l\u00e9gales<\/a><\/p>\t\t\t\t\t\t\t\t<\/div>\n\t\t\t\t<\/div>\n\t\t\t\t<div class=\"elementor-element elementor-element-5aba105 elementor-widget elementor-widget-text-editor\" data-id=\"5aba105\" data-element_type=\"widget\" data-e-type=\"widget\" data-widget_type=\"text-editor.default\">\n\t\t\t\t<div class=\"elementor-widget-container\">\n\t\t\t\t\t\t\t\t\t<p><a href=\"http:\/\/institut-belle-amazone.fr\/index.php\/methode-d-envoi\/\">M\u00e9thode d&rsquo;envoi<\/a><\/p>\t\t\t\t\t\t\t\t<\/div>\n\t\t\t\t<\/div>\n\t\t\t\t\t<\/div>\n\t\t<\/div>\n\t\t\t\t\t<\/div>\n\t\t<\/section>\n\t\t\t\t<\/div>\n\t\t","protected":false},"excerpt":{"rendered":"<p>Prestations sur Rendez-vous Prendre rendez-vous 49 avenue de la lib\u00e9ration 33138 LANTON 06 68 75 80 66 belamazone@orange.fr Retrouvez votre esth\u00e9ticienne sur Facebook Facebook Boutique en ligne D\u00e9couvrir les produits Politique de Confidentialit\u00e9 CGV Mentions l\u00e9gales M\u00e9thode d&rsquo;envoi<\/p>\n","protected":false},"author":2,"featured_media":0,"parent":0,"menu_order":0,"comment_status":"closed","ping_status":"closed","template":"","meta":{"footnotes":""},"class_list":["post-6784","page","type-page","status-publish","hentry"],"yoast_head":"<!-- This site is optimized with the Yoast SEO plugin v27.4 - https:\/\/yoast.com\/product\/yoast-seo-wordpress\/ -->\n<title>Prendre Rendez-vous en Ligne - Institut Belle Amazone<\/title>\n<meta name=\"robots\" content=\"index, follow, max-snippet:-1, max-image-preview:large, max-video-preview:-1\" \/>\n<link rel=\"canonical\" href=\"https:\/\/institut-belle-amazone.fr\/index.php\/prendre-rendez-vous-en-ligne\/\" \/>\n<meta property=\"og:locale\" content=\"fr_FR\" \/>\n<meta property=\"og:type\" content=\"article\" \/>\n<meta property=\"og:title\" content=\"Prendre Rendez-vous en Ligne - Institut Belle Amazone\" \/>\n<meta property=\"og:description\" content=\"Prestations sur Rendez-vous Prendre rendez-vous 49 avenue de la lib\u00e9ration 33138 LANTON 06 68 75 80 66 belamazone@orange.fr Retrouvez votre esth\u00e9ticienne sur Facebook Facebook Boutique en ligne D\u00e9couvrir les produits Politique de Confidentialit\u00e9 CGV Mentions l\u00e9gales M\u00e9thode d&rsquo;envoi\" \/>\n<meta property=\"og:url\" content=\"https:\/\/institut-belle-amazone.fr\/index.php\/prendre-rendez-vous-en-ligne\/\" \/>\n<meta property=\"og:site_name\" content=\"Institut Belle Amazone\" \/>\n<meta property=\"article:modified_time\" content=\"2023-10-25T10:10:36+00:00\" \/>\n<meta name=\"twitter:card\" content=\"summary_large_image\" \/>\n<script type=\"application\/ld+json\" class=\"yoast-schema-graph\">{\"@context\":\"https:\\\/\\\/schema.org\",\"@graph\":[{\"@type\":\"WebPage\",\"@id\":\"https:\\\/\\\/institut-belle-amazone.fr\\\/index.php\\\/prendre-rendez-vous-en-ligne\\\/\",\"url\":\"https:\\\/\\\/institut-belle-amazone.fr\\\/index.php\\\/prendre-rendez-vous-en-ligne\\\/\",\"name\":\"Prendre Rendez-vous en Ligne - Institut Belle Amazone\",\"isPartOf\":{\"@id\":\"https:\\\/\\\/institut-belle-amazone.fr\\\/#website\"},\"datePublished\":\"2020-11-30T08:51:18+00:00\",\"dateModified\":\"2023-10-25T10:10:36+00:00\",\"breadcrumb\":{\"@id\":\"https:\\\/\\\/institut-belle-amazone.fr\\\/index.php\\\/prendre-rendez-vous-en-ligne\\\/#breadcrumb\"},\"inLanguage\":\"fr-FR\",\"potentialAction\":[{\"@type\":\"ReadAction\",\"target\":[\"https:\\\/\\\/institut-belle-amazone.fr\\\/index.php\\\/prendre-rendez-vous-en-ligne\\\/\"]}]},{\"@type\":\"BreadcrumbList\",\"@id\":\"https:\\\/\\\/institut-belle-amazone.fr\\\/index.php\\\/prendre-rendez-vous-en-ligne\\\/#breadcrumb\",\"itemListElement\":[{\"@type\":\"ListItem\",\"position\":1,\"name\":\"Accueil\",\"item\":\"https:\\\/\\\/institut-belle-amazone.fr\\\/\"},{\"@type\":\"ListItem\",\"position\":2,\"name\":\"Prendre Rendez-vous en Ligne\"}]},{\"@type\":\"WebSite\",\"@id\":\"https:\\\/\\\/institut-belle-amazone.fr\\\/#website\",\"url\":\"https:\\\/\\\/institut-belle-amazone.fr\\\/\",\"name\":\"Institut Belle Amazone\",\"description\":\"Institut de beaut\u00e9 \u00e0 Lanton\",\"potentialAction\":[{\"@type\":\"SearchAction\",\"target\":{\"@type\":\"EntryPoint\",\"urlTemplate\":\"https:\\\/\\\/institut-belle-amazone.fr\\\/?s={search_term_string}\"},\"query-input\":{\"@type\":\"PropertyValueSpecification\",\"valueRequired\":true,\"valueName\":\"search_term_string\"}}],\"inLanguage\":\"fr-FR\"}]}<\/script>\n<!-- \/ Yoast SEO plugin. -->","yoast_head_json":{"title":"Prendre Rendez-vous en Ligne - Institut Belle Amazone","robots":{"index":"index","follow":"follow","max-snippet":"max-snippet:-1","max-image-preview":"max-image-preview:large","max-video-preview":"max-video-preview:-1"},"canonical":"https:\/\/institut-belle-amazone.fr\/index.php\/prendre-rendez-vous-en-ligne\/","og_locale":"fr_FR","og_type":"article","og_title":"Prendre Rendez-vous en Ligne - Institut Belle Amazone","og_description":"Prestations sur Rendez-vous Prendre rendez-vous 49 avenue de la lib\u00e9ration 33138 LANTON 06 68 75 80 66 belamazone@orange.fr Retrouvez votre esth\u00e9ticienne sur Facebook Facebook Boutique en ligne D\u00e9couvrir les produits Politique de Confidentialit\u00e9 CGV Mentions l\u00e9gales M\u00e9thode d&rsquo;envoi","og_url":"https:\/\/institut-belle-amazone.fr\/index.php\/prendre-rendez-vous-en-ligne\/","og_site_name":"Institut Belle Amazone","article_modified_time":"2023-10-25T10:10:36+00:00","twitter_card":"summary_large_image","schema":{"@context":"https:\/\/schema.org","@graph":[{"@type":"WebPage","@id":"https:\/\/institut-belle-amazone.fr\/index.php\/prendre-rendez-vous-en-ligne\/","url":"https:\/\/institut-belle-amazone.fr\/index.php\/prendre-rendez-vous-en-ligne\/","name":"Prendre Rendez-vous en Ligne - Institut Belle Amazone","isPartOf":{"@id":"https:\/\/institut-belle-amazone.fr\/#website"},"datePublished":"2020-11-30T08:51:18+00:00","dateModified":"2023-10-25T10:10:36+00:00","breadcrumb":{"@id":"https:\/\/institut-belle-amazone.fr\/index.php\/prendre-rendez-vous-en-ligne\/#breadcrumb"},"inLanguage":"fr-FR","potentialAction":[{"@type":"ReadAction","target":["https:\/\/institut-belle-amazone.fr\/index.php\/prendre-rendez-vous-en-ligne\/"]}]},{"@type":"BreadcrumbList","@id":"https:\/\/institut-belle-amazone.fr\/index.php\/prendre-rendez-vous-en-ligne\/#breadcrumb","itemListElement":[{"@type":"ListItem","position":1,"name":"Accueil","item":"https:\/\/institut-belle-amazone.fr\/"},{"@type":"ListItem","position":2,"name":"Prendre Rendez-vous en Ligne"}]},{"@type":"WebSite","@id":"https:\/\/institut-belle-amazone.fr\/#website","url":"https:\/\/institut-belle-amazone.fr\/","name":"Institut Belle Amazone","description":"Institut de beaut\u00e9 \u00e0 Lanton","potentialAction":[{"@type":"SearchAction","target":{"@type":"EntryPoint","urlTemplate":"https:\/\/institut-belle-amazone.fr\/?s={search_term_string}"},"query-input":{"@type":"PropertyValueSpecification","valueRequired":true,"valueName":"search_term_string"}}],"inLanguage":"fr-FR"}]}},"_links":{"self":[{"href":"https:\/\/institut-belle-amazone.fr\/index.php\/wp-json\/wp\/v2\/pages\/6784","targetHints":{"allow":["GET"]}}],"collection":[{"href":"https:\/\/institut-belle-amazone.fr\/index.php\/wp-json\/wp\/v2\/pages"}],"about":[{"href":"https:\/\/institut-belle-amazone.fr\/index.php\/wp-json\/wp\/v2\/types\/page"}],"author":[{"embeddable":true,"href":"https:\/\/institut-belle-amazone.fr\/index.php\/wp-json\/wp\/v2\/users\/2"}],"replies":[{"embeddable":true,"href":"https:\/\/institut-belle-amazone.fr\/index.php\/wp-json\/wp\/v2\/comments?post=6784"}],"version-history":[{"count":56,"href":"https:\/\/institut-belle-amazone.fr\/index.php\/wp-json\/wp\/v2\/pages\/6784\/revisions"}],"predecessor-version":[{"id":7828,"href":"https:\/\/institut-belle-amazone.fr\/index.php\/wp-json\/wp\/v2\/pages\/6784\/revisions\/7828"}],"wp:attachment":[{"href":"https:\/\/institut-belle-amazone.fr\/index.php\/wp-json\/wp\/v2\/media?parent=6784"}],"curies":[{"name":"wp","href":"https:\/\/api.w.org\/{rel}","templated":true}]}}