{"id":569,"date":"2018-09-27T02:10:35","date_gmt":"2018-09-27T00:10:35","guid":{"rendered":"http:\/\/source.wpopal.com\/auros\/?page_id=569"},"modified":"2020-11-25T16:40:58","modified_gmt":"2020-11-25T15:40:58","slug":"mentions-legales","status":"publish","type":"page","link":"https:\/\/institut-belle-amazone.fr\/index.php\/mentions-legales\/","title":{"rendered":"Mentions l\u00e9gales"},"content":{"rendered":"\t\t<div data-elementor-type=\"wp-post\" data-elementor-id=\"569\" class=\"elementor elementor-569\">\n\t\t\t\t\t\t<section class=\"elementor-section elementor-top-section elementor-element elementor-element-68f0ec3 elementor-section-boxed elementor-section-height-default elementor-section-height-default\" data-id=\"68f0ec3\" data-element_type=\"section\" data-e-type=\"section\">\n\t\t\t\t\t\t<div class=\"elementor-container elementor-column-gap-default\">\n\t\t\t\t\t<div class=\"elementor-column elementor-col-100 elementor-top-column elementor-element elementor-element-ad25a7e\" data-id=\"ad25a7e\" data-element_type=\"column\" data-e-type=\"column\">\n\t\t\t<div class=\"elementor-widget-wrap elementor-element-populated\">\n\t\t\t\t\t\t<div class=\"elementor-element elementor-element-d6746ed elementor-widget elementor-widget-text-editor\" data-id=\"d6746ed\" data-element_type=\"widget\" data-e-type=\"widget\" data-widget_type=\"text-editor.default\">\n\t\t\t\t<div class=\"elementor-widget-container\">\n\t\t\t\t\t\t\t\t\t<p>Le pr\u00e9sent site Internet&nbsp;institut-belle-amazone.fr est la propri\u00e9t\u00e9 de la Soci\u00e9t\u00e9 INSTITUT BELLE AMAZONE, adresse courriel <font color=\"#222222\"><span style=\"caret-color: rgb(34, 34, 34);\">belamazone@orange.fr<\/span><\/font><\/p>\n<p>Le directeur de la publication est Madame&nbsp;PATRICIA MOULIN, ayant la qualit\u00e9 de Pr\u00e9sidente et Fondatrice de la soci\u00e9t\u00e9 INSTITUT BELLE AMAZONE.<\/p>\n<p>Informations relatives \u00e0 l\u2019h\u00e9bergeur&nbsp;:<br>Soci\u00e9t\u00e9 OVH dont le si\u00e8ge social est situ\u00e9 19 place Fran\u00e7ois Dorin, 75017 Paris<\/p>\t\t\t\t\t\t\t\t<\/div>\n\t\t\t\t<\/div>\n\t\t\t\t\t<\/div>\n\t\t<\/div>\n\t\t\t\t\t<\/div>\n\t\t<\/section>\n\t\t\t\t<\/div>\n\t\t","protected":false},"excerpt":{"rendered":"<p>Le pr\u00e9sent site Internet&nbsp;institut-belle-amazone.fr est la propri\u00e9t\u00e9 de la Soci\u00e9t\u00e9 INSTITUT BELLE AMAZONE, adresse courriel belamazone@orange.fr Le directeur de la publication est Madame&nbsp;PATRICIA MOULIN, ayant la qualit\u00e9 de Pr\u00e9sidente et Fondatrice de la soci\u00e9t\u00e9 INSTITUT BELLE AMAZONE. Informations relatives \u00e0 l\u2019h\u00e9bergeur&nbsp;:Soci\u00e9t\u00e9 OVH dont le si\u00e8ge social est situ\u00e9 19 place Fran\u00e7ois Dorin, 75017 Paris<\/p>\n","protected":false},"author":1,"featured_media":0,"parent":0,"menu_order":0,"comment_status":"closed","ping_status":"closed","template":"","meta":{"footnotes":""},"class_list":["post-569","page","type-page","status-publish","hentry"],"yoast_head":"<!-- This site is optimized with the Yoast SEO plugin v27.3 - https:\/\/yoast.com\/product\/yoast-seo-wordpress\/ -->\n<title>Mentions l\u00e9gales - Institut Belle Amazone<\/title>\n<meta name=\"robots\" content=\"index, follow, max-snippet:-1, max-image-preview:large, max-video-preview:-1\" \/>\n<link rel=\"canonical\" href=\"https:\/\/institut-belle-amazone.fr\/index.php\/mentions-legales\/\" \/>\n<meta property=\"og:locale\" content=\"fr_FR\" \/>\n<meta property=\"og:type\" content=\"article\" \/>\n<meta property=\"og:title\" content=\"Mentions l\u00e9gales - Institut Belle Amazone\" \/>\n<meta property=\"og:description\" content=\"Le pr\u00e9sent site Internet&nbsp;institut-belle-amazone.fr est la propri\u00e9t\u00e9 de la Soci\u00e9t\u00e9 INSTITUT BELLE AMAZONE, adresse courriel belamazone@orange.fr Le directeur de la publication est Madame&nbsp;PATRICIA MOULIN, ayant la qualit\u00e9 de Pr\u00e9sidente et Fondatrice de la soci\u00e9t\u00e9 INSTITUT BELLE AMAZONE. Informations relatives \u00e0 l\u2019h\u00e9bergeur&nbsp;:Soci\u00e9t\u00e9 OVH dont le si\u00e8ge social est situ\u00e9 19 place Fran\u00e7ois Dorin, 75017 Paris\" \/>\n<meta property=\"og:url\" content=\"https:\/\/institut-belle-amazone.fr\/index.php\/mentions-legales\/\" \/>\n<meta property=\"og:site_name\" content=\"Institut Belle Amazone\" \/>\n<meta property=\"article:modified_time\" content=\"2020-11-25T15:40:58+00:00\" \/>\n<meta name=\"twitter:card\" content=\"summary_large_image\" \/>\n<script type=\"application\/ld+json\" class=\"yoast-schema-graph\">{\"@context\":\"https:\\\/\\\/schema.org\",\"@graph\":[{\"@type\":\"WebPage\",\"@id\":\"https:\\\/\\\/institut-belle-amazone.fr\\\/index.php\\\/mentions-legales\\\/\",\"url\":\"https:\\\/\\\/institut-belle-amazone.fr\\\/index.php\\\/mentions-legales\\\/\",\"name\":\"Mentions l\u00e9gales - Institut Belle Amazone\",\"isPartOf\":{\"@id\":\"https:\\\/\\\/institut-belle-amazone.fr\\\/#website\"},\"datePublished\":\"2018-09-27T00:10:35+00:00\",\"dateModified\":\"2020-11-25T15:40:58+00:00\",\"breadcrumb\":{\"@id\":\"https:\\\/\\\/institut-belle-amazone.fr\\\/index.php\\\/mentions-legales\\\/#breadcrumb\"},\"inLanguage\":\"fr-FR\",\"potentialAction\":[{\"@type\":\"ReadAction\",\"target\":[\"https:\\\/\\\/institut-belle-amazone.fr\\\/index.php\\\/mentions-legales\\\/\"]}]},{\"@type\":\"BreadcrumbList\",\"@id\":\"https:\\\/\\\/institut-belle-amazone.fr\\\/index.php\\\/mentions-legales\\\/#breadcrumb\",\"itemListElement\":[{\"@type\":\"ListItem\",\"position\":1,\"name\":\"Accueil\",\"item\":\"https:\\\/\\\/institut-belle-amazone.fr\\\/\"},{\"@type\":\"ListItem\",\"position\":2,\"name\":\"Mentions l\u00e9gales\"}]},{\"@type\":\"WebSite\",\"@id\":\"https:\\\/\\\/institut-belle-amazone.fr\\\/#website\",\"url\":\"https:\\\/\\\/institut-belle-amazone.fr\\\/\",\"name\":\"Institut Belle Amazone\",\"description\":\"Institut de beaut\u00e9 \u00e0 Lanton\",\"potentialAction\":[{\"@type\":\"SearchAction\",\"target\":{\"@type\":\"EntryPoint\",\"urlTemplate\":\"https:\\\/\\\/institut-belle-amazone.fr\\\/?s={search_term_string}\"},\"query-input\":{\"@type\":\"PropertyValueSpecification\",\"valueRequired\":true,\"valueName\":\"search_term_string\"}}],\"inLanguage\":\"fr-FR\"}]}<\/script>\n<!-- \/ Yoast SEO plugin. -->","yoast_head_json":{"title":"Mentions l\u00e9gales - Institut Belle Amazone","robots":{"index":"index","follow":"follow","max-snippet":"max-snippet:-1","max-image-preview":"max-image-preview:large","max-video-preview":"max-video-preview:-1"},"canonical":"https:\/\/institut-belle-amazone.fr\/index.php\/mentions-legales\/","og_locale":"fr_FR","og_type":"article","og_title":"Mentions l\u00e9gales - Institut Belle Amazone","og_description":"Le pr\u00e9sent site Internet&nbsp;institut-belle-amazone.fr est la propri\u00e9t\u00e9 de la Soci\u00e9t\u00e9 INSTITUT BELLE AMAZONE, adresse courriel belamazone@orange.fr Le directeur de la publication est Madame&nbsp;PATRICIA MOULIN, ayant la qualit\u00e9 de Pr\u00e9sidente et Fondatrice de la soci\u00e9t\u00e9 INSTITUT BELLE AMAZONE. Informations relatives \u00e0 l\u2019h\u00e9bergeur&nbsp;:Soci\u00e9t\u00e9 OVH dont le si\u00e8ge social est situ\u00e9 19 place Fran\u00e7ois Dorin, 75017 Paris","og_url":"https:\/\/institut-belle-amazone.fr\/index.php\/mentions-legales\/","og_site_name":"Institut Belle Amazone","article_modified_time":"2020-11-25T15:40:58+00:00","twitter_card":"summary_large_image","schema":{"@context":"https:\/\/schema.org","@graph":[{"@type":"WebPage","@id":"https:\/\/institut-belle-amazone.fr\/index.php\/mentions-legales\/","url":"https:\/\/institut-belle-amazone.fr\/index.php\/mentions-legales\/","name":"Mentions l\u00e9gales - Institut Belle Amazone","isPartOf":{"@id":"https:\/\/institut-belle-amazone.fr\/#website"},"datePublished":"2018-09-27T00:10:35+00:00","dateModified":"2020-11-25T15:40:58+00:00","breadcrumb":{"@id":"https:\/\/institut-belle-amazone.fr\/index.php\/mentions-legales\/#breadcrumb"},"inLanguage":"fr-FR","potentialAction":[{"@type":"ReadAction","target":["https:\/\/institut-belle-amazone.fr\/index.php\/mentions-legales\/"]}]},{"@type":"BreadcrumbList","@id":"https:\/\/institut-belle-amazone.fr\/index.php\/mentions-legales\/#breadcrumb","itemListElement":[{"@type":"ListItem","position":1,"name":"Accueil","item":"https:\/\/institut-belle-amazone.fr\/"},{"@type":"ListItem","position":2,"name":"Mentions l\u00e9gales"}]},{"@type":"WebSite","@id":"https:\/\/institut-belle-amazone.fr\/#website","url":"https:\/\/institut-belle-amazone.fr\/","name":"Institut Belle Amazone","description":"Institut de beaut\u00e9 \u00e0 Lanton","potentialAction":[{"@type":"SearchAction","target":{"@type":"EntryPoint","urlTemplate":"https:\/\/institut-belle-amazone.fr\/?s={search_term_string}"},"query-input":{"@type":"PropertyValueSpecification","valueRequired":true,"valueName":"search_term_string"}}],"inLanguage":"fr-FR"}]}},"_links":{"self":[{"href":"https:\/\/institut-belle-amazone.fr\/index.php\/wp-json\/wp\/v2\/pages\/569","targetHints":{"allow":["GET"]}}],"collection":[{"href":"https:\/\/institut-belle-amazone.fr\/index.php\/wp-json\/wp\/v2\/pages"}],"about":[{"href":"https:\/\/institut-belle-amazone.fr\/index.php\/wp-json\/wp\/v2\/types\/page"}],"author":[{"embeddable":true,"href":"https:\/\/institut-belle-amazone.fr\/index.php\/wp-json\/wp\/v2\/users\/1"}],"replies":[{"embeddable":true,"href":"https:\/\/institut-belle-amazone.fr\/index.php\/wp-json\/wp\/v2\/comments?post=569"}],"version-history":[{"count":4,"href":"https:\/\/institut-belle-amazone.fr\/index.php\/wp-json\/wp\/v2\/pages\/569\/revisions"}],"predecessor-version":[{"id":6394,"href":"https:\/\/institut-belle-amazone.fr\/index.php\/wp-json\/wp\/v2\/pages\/569\/revisions\/6394"}],"wp:attachment":[{"href":"https:\/\/institut-belle-amazone.fr\/index.php\/wp-json\/wp\/v2\/media?parent=569"}],"curies":[{"name":"wp","href":"https:\/\/api.w.org\/{rel}","templated":true}]}}