{"id":3,"date":"2020-11-21T18:00:18","date_gmt":"2020-11-21T17:00:18","guid":{"rendered":"http:\/\/institut-belle-amazone.fr\/?page_id=3"},"modified":"2020-11-25T16:24:29","modified_gmt":"2020-11-25T15:24:29","slug":"politique-de-confidentialite","status":"publish","type":"page","link":"https:\/\/institut-belle-amazone.fr\/index.php\/politique-de-confidentialite\/","title":{"rendered":"Politique de confidentialit\u00e9"},"content":{"rendered":"\n<h5 class=\"wp-block-heading\">ARTICLE 1 : PR\u00c9AMBULE<\/h5>\n\n\n\n<p>Cette politique de confidentialit\u00e9 s\u2019applique au site\u00a0:\u00a0<strong>institut-belle-amazone.fr<\/strong><\/p>\n\n\n\n<p>La pr\u00e9sente politique de confidentialit\u00e9 a pour but d\u2019exposer aux utilisateurs du site&nbsp;:<\/p>\n\n\n\n<ul class=\"wp-block-list\"><li>La mani\u00e8re dont sont collect\u00e9es et trait\u00e9es leurs donn\u00e9es \u00e0 caract\u00e8re personnel. Doivent \u00eatre consid\u00e9r\u00e9es comme donn\u00e9es personnelles toutes les donn\u00e9es \u00e9tant susceptibles d\u2019identifier un utilisateur. Il s\u2019agit notamment du pr\u00e9nom et du nom, de l\u2019\u00e2ge, de l\u2019adresse postale, l\u2019adresse mail, la localisation de l\u2019utilisateur ou encore son adresse IP&nbsp;;<\/li><li>Quels sont les droits des utilisateurs concernant ces donn\u00e9es&nbsp;;<\/li><li>Qui est responsable du traitement des donn\u00e9es \u00e0 caract\u00e8re personnel collect\u00e9es et trait\u00e9es&nbsp;;<\/li><li>A qui ces donn\u00e9es sont transmises&nbsp;;<\/li><li>Eventuellement, la politique du site en mati\u00e8re de fichiers \u00ab&nbsp;cookies&nbsp;\u00bb.<\/li><\/ul>\n\n\n\n<p>Cette politique de confidentialit\u00e9 compl\u00e8te les mentions l\u00e9gales et les Conditions G\u00e9n\u00e9rales d\u2019Utilisation que les utilisateurs peuvent consulter \u00e0 l\u2019adresse ci-apr\u00e8s&nbsp;:<\/p>\n\n\n\n<p>institut-belle-amazone.fr<\/p>\n\n\n\n<h5 class=\"wp-block-heading\">ARTICLE 2 : PRINCIPES G\u00c9N\u00c9RAUX EN MATI\u00c8RE DE COLLECTE ET DE TRAITEMENT DE DONN\u00c9ES<\/h5>\n\n\n\n<p>Conform\u00e9ment aux dispositions de l\u2019article 5 du R\u00e8glement europ\u00e9en 2016\/679, la collecte et le traitement des donn\u00e9es des utilisateurs du site respectent les principes suivants&nbsp;:<\/p>\n\n\n\n<ul class=\"wp-block-list\"><li>Lic\u00e9it\u00e9, loyaut\u00e9 et transparence&nbsp;: les donn\u00e9es ne peuvent \u00eatre collect\u00e9es et trait\u00e9es qu\u2019avec le consentement de l\u2019utilisateur propri\u00e9taire des donn\u00e9es. A chaque fois que des donn\u00e9es \u00e0 caract\u00e8re personnel seront collect\u00e9es, il sera indiqu\u00e9 \u00e0 l\u2019utilisateur que ses donn\u00e9es sont collect\u00e9es, et pour quelles raisons ses donn\u00e9es sont collect\u00e9es&nbsp;;<\/li><li>Finalit\u00e9s limit\u00e9es&nbsp;: la collecte et le traitement des donn\u00e9es sont ex\u00e9cut\u00e9s pour r\u00e9pondre \u00e0 un ou plusieurs objectifs d\u00e9termin\u00e9s dans les pr\u00e9sentes conditions g\u00e9n\u00e9rales d\u2019utilisation&nbsp;;<\/li><li>Minimisation de la collecte et du traitement des donn\u00e9es&nbsp;: seules les donn\u00e9es n\u00e9cessaires \u00e0 la bonne ex\u00e9cution des objectifs poursuivis par le site sont collect\u00e9es&nbsp;;<\/li><li>Conservation des donn\u00e9es r\u00e9duites dans le temps&nbsp;: les donn\u00e9es sont conserv\u00e9es pour une dur\u00e9e limit\u00e9e, dont l\u2019utilisateur est inform\u00e9. Lorsque cette information ne peut pas \u00eatre communiqu\u00e9e, l\u2019utilisateur est inform\u00e9 des crit\u00e8res utilis\u00e9s pour d\u00e9terminer la dur\u00e9e de conservation&nbsp;;<\/li><li>Int\u00e9grit\u00e9 et confidentialit\u00e9 des donn\u00e9es collect\u00e9es et trait\u00e9es&nbsp;: le responsable du traitement des donn\u00e9es s\u2019engage \u00e0 garantir l\u2019int\u00e9grit\u00e9 et la confidentialit\u00e9 des donn\u00e9es collect\u00e9es.<\/li><\/ul>\n\n\n\n<p>Afin d\u2019\u00eatre licites, et ce conform\u00e9ment aux exigences de l\u2019article 6 du r\u00e8glement europ\u00e9en 2016\/679, la collecte et le traitement des donn\u00e9es \u00e0 caract\u00e8re personnel ne pourront intervenir que s\u2019ils respectent au moins l\u2019une des conditions ci-apr\u00e8s \u00e9num\u00e9r\u00e9es&nbsp;:<\/p>\n\n\n\n<ul class=\"wp-block-list\"><li>L\u2019utilisateur a express\u00e9ment consenti au traitement&nbsp;;<\/li><li>Le traitement est n\u00e9cessaire \u00e0 la bonne ex\u00e9cution d\u2019un contrat&nbsp;;<\/li><li>Le traitement r\u00e9pond \u00e0 une obligation l\u00e9gale&nbsp;;<\/li><li>Le traitement s\u2019explique par une n\u00e9cessit\u00e9 li\u00e9e \u00e0 la sauvegarde des int\u00e9r\u00eats vitaux de la personne concern\u00e9e ou d\u2019une autre personne physique&nbsp;;<\/li><li>Le traitement peut s\u2019expliquer par une n\u00e9cessit\u00e9 li\u00e9e \u00e0 l\u2019ex\u00e9cution d\u2019une mission d\u2019int\u00e9r\u00eat public ou qui rel\u00e8ve de l\u2019exercice de l\u2019autorit\u00e9 publique&nbsp;;<\/li><li>Le traitement et la collecte des donn\u00e9es \u00e0 caract\u00e8re personnel sont n\u00e9cessaires aux fins des int\u00e9r\u00eats l\u00e9gitimes et priv\u00e9s poursuivis par le responsable du traitement ou par un tiers.<\/li><\/ul>\n\n\n\n<h5 class=\"wp-block-heading\">ARTICLE 3&nbsp;: DONN\u00c9ES \u00c0 CARACT\u00c8RE PERSONNEL COLLECT\u00c9ES ET TRAIT\u00c9ES DANS LE CADRE DE LA NAVIGATION SUR LE SITE<\/h5>\n\n\n\n<h3 class=\"wp-block-heading\">A.&nbsp;DONN\u00c9ES COLLECT\u00c9ES ET TRAIT\u00c9ES ET MODE DE COLLECTE<\/h3>\n\n\n\n<p>Les donn\u00e9es \u00e0 caract\u00e8re personnel collect\u00e9es sur le site\u00a0institut-belle-amazone.fr\u00a0sont les suivantes\u00a0:<\/p>\n\n\n\n<p>(en fonction des informations que vous nous communiquez)&nbsp;: Pr\u00e9noms, Nom&nbsp;; adresse personnelle&nbsp;; adresse professionnelle&nbsp;; adresse e-mail&nbsp;; t\u00e9l\u00e9phone fixe&nbsp;; t\u00e9l\u00e9phone mobile&nbsp;; coordonn\u00e9es bancaires.<\/p>\n\n\n\n<p>Ces donn\u00e9es sont collect\u00e9es lorsque l\u2019utilisateur effectue l\u2019une des op\u00e9rations suivantes sur le site&nbsp;:<\/p>\n\n\n\n<p>Inscription \u00e0 la Newsletter&nbsp;; utilisation du formulaire de contact&nbsp;; prise de contact par mail ou t\u00e9l\u00e9phone&nbsp;; achat en ligne.<\/p>\n\n\n\n<p>Par ailleurs, lors d\u2019un paiement sur le site, il sera conserv\u00e9 dans les syst\u00e8mes informatiques de l\u2019\u00e9diteur du site une preuve de la transaction comprenant le bon de commande et la facture.<\/p>\n\n\n\n<p>Le responsable du traitement conservera dans ses syst\u00e8mes informatiques du site et dans des conditions raisonnables de s\u00e9curit\u00e9 l\u2019ensemble des donn\u00e9es collect\u00e9es pour une dur\u00e9e de&nbsp;: 3 ans.<\/p>\n\n\n\n<p>La collecte et le traitement des donn\u00e9es r\u00e9pondent aux finalit\u00e9s suivantes&nbsp;:<\/p>\n\n\n\n<p>Ces informations nous servent de donn\u00e9es statistiques sur les profils types de nos clients afin de cibler au mieux les prochaines publicit\u00e9s, campagnes marketing ou autre action ayant pour but de d\u00e9velopper l\u2019entreprise.<\/p>\n\n\n\n<h3 class=\"wp-block-heading\">B.&nbsp;TRANSMISSION DES DONN\u00c9ES A DES TIERS<\/h3>\n\n\n\n<p>Les donn\u00e9es peuvent \u00eatre transmises au(x) tiers ci-apr\u00e8s \u00e9num\u00e9r\u00e9(s)&nbsp;:<\/p>\n\n\n\n<p>Selon le mode de paiement choisi par le client&nbsp;: PayPal, Stripe.<\/p>\n\n\n\n<p>Selon le mode de livraison&nbsp;: La Poste, Mondial Relay.<\/p>\n\n\n\n<h3 class=\"wp-block-heading\">C.&nbsp;H\u00c9BERGEMENT DES DONN\u00c9ES<\/h3>\n\n\n\n<p>Le site\u00a0institut-belle-amazone.fr\u00a0est h\u00e9berg\u00e9 par\u00a0: OVH, dont le si\u00e8ge est situ\u00e9 \u00e0 l\u2019adresse ci-apr\u00e8s\u00a0:<\/p>\n\n\n\n<p>19 Place Fran\u00e7oise Dorin, 75017 Paris<\/p>\n\n\n\n<p>Les donn\u00e9es collect\u00e9es et trait\u00e9es par le site sont exclusivement h\u00e9berg\u00e9es et trait\u00e9es en France.<\/p>\n\n\n\n<h5 class=\"wp-block-heading\">ARTICLE 4&nbsp;: RESPONSABLE DU TRAITEMENT DES DONN\u00c9ES<\/h5>\n\n\n\n<h3 class=\"wp-block-heading\">A.&nbsp;LE RESPONSABLE DU TRAITEMENT DES DONN\u00c9ES<\/h3>\n\n\n\n<p>Le responsable du traitement des donn\u00e9es \u00e0 caract\u00e8re personnel est\u00a0: Patricia Moulin. Il peut \u00eatre contact\u00e9 de la mani\u00e8re suivante\u00a0:<\/p>\n\n\n\n<p>Le responsable du traitement des donn\u00e9es peut \u00eatre joint par mail \u00e0 belamazone@orange.fr\u202c du lundi au vendredi de 14h \u00e0 17h.<\/p>\n\n\n\n<p>Le responsable du traitement des donn\u00e9es est charg\u00e9 de d\u00e9terminer les finalit\u00e9s et les moyens mis au service du traitement des donn\u00e9es \u00e0 caract\u00e8re personnel.<\/p>\n\n\n\n<h3 class=\"wp-block-heading\">B.&nbsp;OBLIGATIONS DU RESPONSABLE DU TRAITEMENT DES DONN\u00c9ES<\/h3>\n\n\n\n<p>Le responsable du traitement s\u2019engage \u00e0 prot\u00e9ger les donn\u00e9es \u00e0 caract\u00e8re personnel collect\u00e9es, \u00e0 ne pas les transmettre \u00e0 des tiers sans que l\u2019utilisateur n\u2019en ait \u00e9t\u00e9 inform\u00e9 et \u00e0 respecter les finalit\u00e9s pour lesquelles ces donn\u00e9es ont \u00e9t\u00e9 collect\u00e9es.<\/p>\n\n\n\n<p>Le site dispose d\u2019un certificat SSL afin de garantir que les informations et le transfert des donn\u00e9es transitant par le site sont s\u00e9curis\u00e9s.<\/p>\n\n\n\n<p>Un certificat SSL (\u00ab&nbsp;Secure Socket Layer&nbsp;\u00bb Certificate) a pour but de s\u00e9curiser les donn\u00e9es \u00e9chang\u00e9es entre l\u2019utilisateur et le site.<\/p>\n\n\n\n<p>De plus, le responsable du traitement des donn\u00e9es s\u2019engage \u00e0 notifier l\u2019utilisateur en cas de rectification ou de suppression des donn\u00e9es, \u00e0 moins que cela n\u2019entra\u00eene pour lui des formalit\u00e9s, co\u00fbts et d\u00e9marches disproportionn\u00e9s.<\/p>\n\n\n\n<p>Dans le cas o\u00f9 l\u2019int\u00e9grit\u00e9, la confidentialit\u00e9 ou la s\u00e9curit\u00e9 des donn\u00e9es \u00e0 caract\u00e8re personnel de l\u2019utilisateur est compromise, le responsable du traitement s\u2019engage \u00e0 informer l\u2019utilisateur par tout moyen.<\/p>\n\n\n\n<h5 class=\"wp-block-heading\">ARTICLE 5&nbsp;: DROITS DE L\u2019UTILISATEUR<\/h5>\n\n\n\n<p>Conform\u00e9ment \u00e0 la r\u00e9glementation concernant le traitement des donn\u00e9es \u00e0 caract\u00e8re personnel, l\u2019utilisateur poss\u00e8de les droits ci-apr\u00e8s \u00e9num\u00e9r\u00e9s.<\/p>\n\n\n\n<p>Afin que le responsable du traitement des donn\u00e9es fasse droit \u00e0 sa demande, l\u2019utilisateur est tenu de lui communiquer&nbsp;: ses pr\u00e9nom et nom ainsi que son adresse e-mail, et si cela est pertinent, son num\u00e9ro de compte ou d\u2019espace personnel ou d\u2019abonn\u00e9.<\/p>\n\n\n\n<p>Le responsable du traitement des donn\u00e9es est tenu de r\u00e9pondre \u00e0 l\u2019utilisateur dans un d\u00e9lai de 30 (trente) jours maximum.<\/p>\n\n\n\n<h3 class=\"wp-block-heading\">A.&nbsp;PR\u00c9SENTATION DES DROITS DE L\u2019UTILISATEUR EN MATI\u00c8RE DE COLLECTE ET TRAITEMENT DE DONN\u00c9ES<\/h3>\n\n\n\n<p><em>a. Droit d\u2019acc\u00e8s, de rectification et droit \u00e0 l\u2019effacement<\/em><\/p>\n\n\n\n<p>L\u2019utilisateur peut prendre connaissance, mettre \u00e0 jour, modifier ou demander la suppression des donn\u00e9es le concernant, en respectant la proc\u00e9dure ci-apr\u00e8s \u00e9nonc\u00e9e&nbsp;:<\/p>\n\n\n\n<p>L\u2019utilisateur doit envoyer un e-mail au responsable du traitement des donn\u00e9es personnelles, en pr\u00e9cisant l\u2019objet de sa demande et en utilisant l\u2019adresse e-mail de contact qui est fournie plus haut.<\/p>\n\n\n\n<p>S\u2019il en poss\u00e8de un, l\u2019utilisateur a le droit de demander la suppression de son espace personnel en suivant la proc\u00e9dure suivante&nbsp;:<\/p>\n\n\n\n<p>L\u2019utilisateur doit envoyer un e-mail au responsable du traitement des donn\u00e9es, en pr\u00e9cisant son num\u00e9ro d\u2019espace personnel. La demande de suppression des donn\u00e9es sera trait\u00e9e dans un d\u00e9lai de 10 jours ouvr\u00e9s.<\/p>\n\n\n\n<p><em><br>b. Droit \u00e0 la portabilit\u00e9 des donn\u00e9es<\/em><\/p>\n\n\n\n<p>L\u2019utilisateur a le droit de demander la portabilit\u00e9 de ses donn\u00e9es personnelles, d\u00e9tenues par le site, vers un autre site, en se conformant \u00e0 la proc\u00e9dure ci-apr\u00e8s&nbsp;:<\/p>\n\n\n\n<p>L\u2019utilisateur doit faire une demande de portabilit\u00e9 de ses donn\u00e9es personnelles aupr\u00e8s du responsable des donn\u00e9es, en envoyant un e-mai \u00e0 l\u2019adresse pr\u00e9vue ci-dessus.<\/p>\n\n\n\n<p><em><br>c. Droit \u00e0 la limitation et \u00e0 l\u2019opposition du traitement des donn\u00e9es<\/em><\/p>\n\n\n\n<p>L\u2019utilisateur a le droit de demander la limitation ou de s\u2019opposer au traitement de ses donn\u00e9es par le site, sans que le site ne puisse refuser, sauf \u00e0 d\u00e9montrer l\u2019existence de motifs l\u00e9gitimes et imp\u00e9rieux, pouvant pr\u00e9valoir sur les int\u00e9r\u00eats et les droits et libert\u00e9s de l\u2019utilisateur.<\/p>\n\n\n\n<p>Afin de demander la limitation du traitement de ses donn\u00e9es ou de formuler une opposition au traitement de ses donn\u00e9es, l\u2019utilisateur doit suivre la proc\u00e9dure suivante&nbsp;:<\/p>\n\n\n\n<p>L\u2019utilisateur doit faire une demande de limitation au traitement de ses donn\u00e9es personnelles aupr\u00e8s du responsable des donn\u00e9es, en envoyant un e-mai \u00e0 l\u2019adresse pr\u00e9vue ci-dessus.<\/p>\n\n\n\n<p><em><br>d. Droit de ne pas faire l\u2019objet d\u2019une d\u00e9cision fond\u00e9e exclusivement sur un proc\u00e9d\u00e9 automatis\u00e9<\/em><\/p>\n\n\n\n<p>Conform\u00e9ment aux dispositions du r\u00e8glement 2016\/679, l\u2019utilisateur a le droit de ne pas faire l\u2019objet d\u2019une d\u00e9cision fond\u00e9e exclusivement sur un proc\u00e9d\u00e9 automatis\u00e9 si la d\u00e9cision produit des effets juridiques le concernant, ou l\u2019affecte de mani\u00e8re significative de fa\u00e7on similaire.<\/p>\n\n\n\n<p><em><br>e. Droit de d\u00e9terminer le sort des donn\u00e9es apr\u00e8s la mort<\/em><\/p>\n\n\n\n<p>Il est rappel\u00e9 \u00e0 l\u2019utilisateur qu\u2019il peut organiser quel doit \u00eatre le devenir de ses donn\u00e9es collect\u00e9es et trait\u00e9es s\u2019il d\u00e9c\u00e8de, conform\u00e9ment \u00e0 la loi n\u00b02016-1321 du 7 octobre 2016.<\/p>\n\n\n\n<p><em><br>f. Droit de saisir l\u2019autorit\u00e9 de contr\u00f4le comp\u00e9tente<\/em><\/p>\n\n\n\n<p>Dans le cas o\u00f9 le responsable du traitement des donn\u00e9es d\u00e9cide de ne pas r\u00e9pondre \u00e0 la demande de l\u2019utilisateur, et que l\u2019utilisateur souhaite contester cette d\u00e9cision, ou, s\u2019il pense qu\u2019il est port\u00e9 atteinte \u00e0 l\u2019un des droits \u00e9num\u00e9r\u00e9s ci-dessus, il est en droit de saisir la CNIL (Commission Nationale de l\u2019Informatique et des Libert\u00e9s, https:\/\/www.cnil.fr) ou tout juge comp\u00e9tent.<\/p>\n\n\n\n<h3 class=\"wp-block-heading\">B.&nbsp;DONN\u00c9ES PERSONNELLES DES PERSONNES MINEURES<\/h3>\n\n\n\n<p>Conform\u00e9ment aux dispositions de l\u2019article 8 du r\u00e8glement europ\u00e9en 2016\/679 et \u00e0 la loi Informatique et Libert\u00e9s, seuls les mineurs \u00e2g\u00e9s de 15 ans ou plus peuvent consentir au traitement de leurs donn\u00e9es personnelles.<\/p>\n\n\n\n<p>Si l\u2019utilisateur est un mineur de moins de 15 ans, l\u2019accord d\u2019un repr\u00e9sentant l\u00e9gal sera requis afin que des donn\u00e9es \u00e0 caract\u00e8re personnel puissent \u00eatre collect\u00e9es et trait\u00e9es.<\/p>\n\n\n\n<p>L\u2019\u00e9diteur du site se r\u00e9serve le droit de v\u00e9rifier par tout moyen que l\u2019utilisateur est \u00e2g\u00e9 de plus de 15 ans, ou qu\u2019il aura obtenu l\u2019accord d\u2019un repr\u00e9sentant l\u00e9gal avant de naviguer sur le site.<\/p>\n\n\n\n<h5 class=\"wp-block-heading\">ARTICLE 6 : CONDITIONS DE MODIFICATION DE LA POLITIQUE DE CONFIDENTIALIT\u00c9<\/h5>\n\n\n\n<p>La pr\u00e9sente politique de confidentialit\u00e9 peut \u00eatre consult\u00e9e \u00e0 tout moment \u00e0 l\u2019adresse ci-apr\u00e8s indiqu\u00e9e\u00a0: institut-belle-amazone.fr<\/p>\n\n\n\n<p>L\u2019\u00e9diteur du site se r\u00e9serve le droit de la modifier afin de garantir sa conformit\u00e9 avec le droit en vigueur.<\/p>\n\n\n\n<p>Par cons\u00e9quent, l\u2019utilisateur est invit\u00e9 \u00e0 venir consulter r\u00e9guli\u00e8rement cette politique de confidentialit\u00e9 afin de se tenir inform\u00e9 des derniers changements qui lui seront apport\u00e9s.<\/p>\n\n\n\n<p>Il est port\u00e9 \u00e0 la connaissance de l\u2019utilisateur que la derni\u00e8re mise \u00e0 jour de la pr\u00e9sente politique de confidentialit\u00e9 est intervenue le\u00a0: 25\/11\/2020.<\/p>\n\n\n\n<h5 class=\"wp-block-heading\">ARTICLE 7 : ACCEPTATION PAR L\u2019UTILISATEUR DE LA POLITIQUE DE CONFIDENTIALIT\u00c9<\/h5>\n\n\n\n<p>En naviguant sur le site, l\u2019utilisateur atteste avoir lu et compris la pr\u00e9sente politique de confidentialit\u00e9 et en accepte les conditions, en ce qui concerne plus particuli\u00e8rement la collecte et le traitement de ses donn\u00e9es \u00e0 caract\u00e8re personnel.<\/p>\n","protected":false},"excerpt":{"rendered":"<p>ARTICLE 1 : PR\u00c9AMBULE Cette politique de confidentialit\u00e9 s\u2019applique au site\u00a0:\u00a0institut-belle-amazone.fr La pr\u00e9sente politique de confidentialit\u00e9 a pour but d\u2019exposer aux utilisateurs du site&nbsp;: La mani\u00e8re dont sont collect\u00e9es et trait\u00e9es leurs donn\u00e9es \u00e0 caract\u00e8re personnel. Doivent \u00eatre consid\u00e9r\u00e9es comme donn\u00e9es personnelles toutes les donn\u00e9es \u00e9tant susceptibles d\u2019identifier un utilisateur. Il s\u2019agit notamment du pr\u00e9nom &hellip; <\/p>\n<p class=\"link-more\"><a href=\"https:\/\/institut-belle-amazone.fr\/index.php\/politique-de-confidentialite\/\" class=\"more-link\">Read More <span class=\"screen-reader-text\"> \u00ab\u00a0Politique de confidentialit\u00e9\u00a0\u00bb<\/span><\/a><\/p>\n","protected":false},"author":1,"featured_media":0,"parent":0,"menu_order":0,"comment_status":"closed","ping_status":"closed","template":"","meta":{"footnotes":""},"class_list":["post-3","page","type-page","status-publish","hentry"],"yoast_head":"<!-- This site is optimized with the Yoast SEO plugin v27.3 - https:\/\/yoast.com\/product\/yoast-seo-wordpress\/ -->\n<title>Politique de confidentialit\u00e9 - Institut Belle Amazone<\/title>\n<meta name=\"robots\" content=\"index, follow, max-snippet:-1, max-image-preview:large, max-video-preview:-1\" \/>\n<link rel=\"canonical\" href=\"https:\/\/institut-belle-amazone.fr\/index.php\/politique-de-confidentialite\/\" \/>\n<meta property=\"og:locale\" content=\"fr_FR\" \/>\n<meta property=\"og:type\" content=\"article\" \/>\n<meta property=\"og:title\" content=\"Politique de confidentialit\u00e9 - Institut Belle Amazone\" \/>\n<meta property=\"og:description\" content=\"ARTICLE 1 : PR\u00c9AMBULE Cette politique de confidentialit\u00e9 s\u2019applique au site\u00a0:\u00a0institut-belle-amazone.fr La pr\u00e9sente politique de confidentialit\u00e9 a pour but d\u2019exposer aux utilisateurs du site&nbsp;: La mani\u00e8re dont sont collect\u00e9es et trait\u00e9es leurs donn\u00e9es \u00e0 caract\u00e8re personnel. Doivent \u00eatre consid\u00e9r\u00e9es comme donn\u00e9es personnelles toutes les donn\u00e9es \u00e9tant susceptibles d\u2019identifier un utilisateur. Il s\u2019agit notamment du pr\u00e9nom &hellip; Read More &quot;Politique de confidentialit\u00e9&quot;\" \/>\n<meta property=\"og:url\" content=\"https:\/\/institut-belle-amazone.fr\/index.php\/politique-de-confidentialite\/\" \/>\n<meta property=\"og:site_name\" content=\"Institut Belle Amazone\" \/>\n<meta property=\"article:modified_time\" content=\"2020-11-25T15:24:29+00:00\" \/>\n<meta name=\"twitter:card\" content=\"summary_large_image\" \/>\n<meta name=\"twitter:label1\" content=\"Dur\u00e9e de lecture estim\u00e9e\" \/>\n\t<meta name=\"twitter:data1\" content=\"11 minutes\" \/>\n<script type=\"application\/ld+json\" class=\"yoast-schema-graph\">{\"@context\":\"https:\\\/\\\/schema.org\",\"@graph\":[{\"@type\":\"WebPage\",\"@id\":\"https:\\\/\\\/institut-belle-amazone.fr\\\/index.php\\\/politique-de-confidentialite\\\/\",\"url\":\"https:\\\/\\\/institut-belle-amazone.fr\\\/index.php\\\/politique-de-confidentialite\\\/\",\"name\":\"Politique de confidentialit\u00e9 - Institut Belle Amazone\",\"isPartOf\":{\"@id\":\"https:\\\/\\\/institut-belle-amazone.fr\\\/#website\"},\"datePublished\":\"2020-11-21T17:00:18+00:00\",\"dateModified\":\"2020-11-25T15:24:29+00:00\",\"breadcrumb\":{\"@id\":\"https:\\\/\\\/institut-belle-amazone.fr\\\/index.php\\\/politique-de-confidentialite\\\/#breadcrumb\"},\"inLanguage\":\"fr-FR\",\"potentialAction\":[{\"@type\":\"ReadAction\",\"target\":[\"https:\\\/\\\/institut-belle-amazone.fr\\\/index.php\\\/politique-de-confidentialite\\\/\"]}]},{\"@type\":\"BreadcrumbList\",\"@id\":\"https:\\\/\\\/institut-belle-amazone.fr\\\/index.php\\\/politique-de-confidentialite\\\/#breadcrumb\",\"itemListElement\":[{\"@type\":\"ListItem\",\"position\":1,\"name\":\"Accueil\",\"item\":\"https:\\\/\\\/institut-belle-amazone.fr\\\/\"},{\"@type\":\"ListItem\",\"position\":2,\"name\":\"Politique de confidentialit\u00e9\"}]},{\"@type\":\"WebSite\",\"@id\":\"https:\\\/\\\/institut-belle-amazone.fr\\\/#website\",\"url\":\"https:\\\/\\\/institut-belle-amazone.fr\\\/\",\"name\":\"Institut Belle Amazone\",\"description\":\"Institut de beaut\u00e9 \u00e0 Lanton\",\"potentialAction\":[{\"@type\":\"SearchAction\",\"target\":{\"@type\":\"EntryPoint\",\"urlTemplate\":\"https:\\\/\\\/institut-belle-amazone.fr\\\/?s={search_term_string}\"},\"query-input\":{\"@type\":\"PropertyValueSpecification\",\"valueRequired\":true,\"valueName\":\"search_term_string\"}}],\"inLanguage\":\"fr-FR\"}]}<\/script>\n<!-- \/ Yoast SEO plugin. -->","yoast_head_json":{"title":"Politique de confidentialit\u00e9 - Institut Belle Amazone","robots":{"index":"index","follow":"follow","max-snippet":"max-snippet:-1","max-image-preview":"max-image-preview:large","max-video-preview":"max-video-preview:-1"},"canonical":"https:\/\/institut-belle-amazone.fr\/index.php\/politique-de-confidentialite\/","og_locale":"fr_FR","og_type":"article","og_title":"Politique de confidentialit\u00e9 - Institut Belle Amazone","og_description":"ARTICLE 1 : PR\u00c9AMBULE Cette politique de confidentialit\u00e9 s\u2019applique au site\u00a0:\u00a0institut-belle-amazone.fr La pr\u00e9sente politique de confidentialit\u00e9 a pour but d\u2019exposer aux utilisateurs du site&nbsp;: La mani\u00e8re dont sont collect\u00e9es et trait\u00e9es leurs donn\u00e9es \u00e0 caract\u00e8re personnel. Doivent \u00eatre consid\u00e9r\u00e9es comme donn\u00e9es personnelles toutes les donn\u00e9es \u00e9tant susceptibles d\u2019identifier un utilisateur. Il s\u2019agit notamment du pr\u00e9nom &hellip; Read More \"Politique de confidentialit\u00e9\"","og_url":"https:\/\/institut-belle-amazone.fr\/index.php\/politique-de-confidentialite\/","og_site_name":"Institut Belle Amazone","article_modified_time":"2020-11-25T15:24:29+00:00","twitter_card":"summary_large_image","twitter_misc":{"Dur\u00e9e de lecture estim\u00e9e":"11 minutes"},"schema":{"@context":"https:\/\/schema.org","@graph":[{"@type":"WebPage","@id":"https:\/\/institut-belle-amazone.fr\/index.php\/politique-de-confidentialite\/","url":"https:\/\/institut-belle-amazone.fr\/index.php\/politique-de-confidentialite\/","name":"Politique de confidentialit\u00e9 - Institut Belle Amazone","isPartOf":{"@id":"https:\/\/institut-belle-amazone.fr\/#website"},"datePublished":"2020-11-21T17:00:18+00:00","dateModified":"2020-11-25T15:24:29+00:00","breadcrumb":{"@id":"https:\/\/institut-belle-amazone.fr\/index.php\/politique-de-confidentialite\/#breadcrumb"},"inLanguage":"fr-FR","potentialAction":[{"@type":"ReadAction","target":["https:\/\/institut-belle-amazone.fr\/index.php\/politique-de-confidentialite\/"]}]},{"@type":"BreadcrumbList","@id":"https:\/\/institut-belle-amazone.fr\/index.php\/politique-de-confidentialite\/#breadcrumb","itemListElement":[{"@type":"ListItem","position":1,"name":"Accueil","item":"https:\/\/institut-belle-amazone.fr\/"},{"@type":"ListItem","position":2,"name":"Politique de confidentialit\u00e9"}]},{"@type":"WebSite","@id":"https:\/\/institut-belle-amazone.fr\/#website","url":"https:\/\/institut-belle-amazone.fr\/","name":"Institut Belle Amazone","description":"Institut de beaut\u00e9 \u00e0 Lanton","potentialAction":[{"@type":"SearchAction","target":{"@type":"EntryPoint","urlTemplate":"https:\/\/institut-belle-amazone.fr\/?s={search_term_string}"},"query-input":{"@type":"PropertyValueSpecification","valueRequired":true,"valueName":"search_term_string"}}],"inLanguage":"fr-FR"}]}},"_links":{"self":[{"href":"https:\/\/institut-belle-amazone.fr\/index.php\/wp-json\/wp\/v2\/pages\/3","targetHints":{"allow":["GET"]}}],"collection":[{"href":"https:\/\/institut-belle-amazone.fr\/index.php\/wp-json\/wp\/v2\/pages"}],"about":[{"href":"https:\/\/institut-belle-amazone.fr\/index.php\/wp-json\/wp\/v2\/types\/page"}],"author":[{"embeddable":true,"href":"https:\/\/institut-belle-amazone.fr\/index.php\/wp-json\/wp\/v2\/users\/1"}],"replies":[{"embeddable":true,"href":"https:\/\/institut-belle-amazone.fr\/index.php\/wp-json\/wp\/v2\/comments?post=3"}],"version-history":[{"count":2,"href":"https:\/\/institut-belle-amazone.fr\/index.php\/wp-json\/wp\/v2\/pages\/3\/revisions"}],"predecessor-version":[{"id":6387,"href":"https:\/\/institut-belle-amazone.fr\/index.php\/wp-json\/wp\/v2\/pages\/3\/revisions\/6387"}],"wp:attachment":[{"href":"https:\/\/institut-belle-amazone.fr\/index.php\/wp-json\/wp\/v2\/media?parent=3"}],"curies":[{"name":"wp","href":"https:\/\/api.w.org\/{rel}","templated":true}]}}